{"id":74,"date":"2022-10-16T20:50:36","date_gmt":"2022-10-16T20:50:36","guid":{"rendered":"https:\/\/birilloangel.hu\/birilloangel\/?page_id=74"},"modified":"2022-11-05T17:22:31","modified_gmt":"2022-11-05T17:22:31","slug":"arlista-birilloangel","status":"publish","type":"page","link":"https:\/\/birilloangel.hu\/birilloangel\/?page_id=74","title":{"rendered":"\u00c1rlista"},"content":{"rendered":"<div class=\"wp-block-image\">\n<figure class=\"aligncenter size-large is-resized\"><img loading=\"lazy\" decoding=\"async\" src=\"https:\/\/birilloangel.hu\/birilloangel\/wp-content\/uploads\/2022\/10\/BA_Design1024_1-1024x1024.jpg\" alt=\"\" class=\"wp-image-35\" width=\"123\" height=\"123\" srcset=\"https:\/\/birilloangel.hu\/birilloangel\/wp-content\/uploads\/2022\/10\/BA_Design1024_1.jpg 1024w, https:\/\/birilloangel.hu\/birilloangel\/wp-content\/uploads\/2022\/10\/BA_Design1024_1-300x300.jpg 300w, https:\/\/birilloangel.hu\/birilloangel\/wp-content\/uploads\/2022\/10\/BA_Design1024_1-150x150.jpg 150w, https:\/\/birilloangel.hu\/birilloangel\/wp-content\/uploads\/2022\/10\/BA_Design1024_1-768x768.jpg 768w, https:\/\/birilloangel.hu\/birilloangel\/wp-content\/uploads\/2022\/10\/BA_Design1024_1-60x60.jpg 60w\" sizes=\"auto, (max-width: 123px) 100vw, 123px\" \/><\/figure>\n<\/div>\n\n\n<div id=\"wp-block-themeisle-blocks-advanced-columns-db9db790\" class=\"wp-block-themeisle-blocks-advanced-columns has-1-columns has-desktop-equal-layout has-tablet-equal-layout has-mobile-equal-layout has-vertical-unset\"><div class=\"wp-block-themeisle-blocks-advanced-columns-overlay\"><\/div><div class=\"innerblocks-wrap\">\n<div id=\"wp-block-themeisle-blocks-advanced-column-7beb7c12\" class=\"wp-block-themeisle-blocks-advanced-column\">\n<div class=\"wp-block-group\"><div class=\"wp-block-group__inner-container is-layout-flow wp-block-group-is-layout-flow\">\n<div class=\"wp-block-columns is-layout-flex wp-container-core-columns-is-layout-9d6595d7 wp-block-columns-is-layout-flex\">\n<div class=\"wp-block-column is-layout-flow wp-block-column-is-layout-flow\" style=\"flex-basis:100%\">\n<p>Alapd\u00edjak:<\/p>\n\n\n\n<ul class=\"wp-block-list\">\n<li>Felm\u00e9r\u00e9si d\u00edj: 25.000.-Ft   (35.000.-Ft &#8211; 16 \u00f3ra ut\u00e1n, h\u00e9tv\u00e9ge, \u00fcnnepnap)<\/li>\n\n\n\n<li>Szerz\u0151d\u00e9sk\u00f6t\u00e9si d\u00edj: 45.000.-Ft<\/li>\n<\/ul>\n<\/div>\n<\/div>\n\n\n\n<p>\u00c1pol\u00f3i szolg\u00e1ltat\u00e1s:<\/p>\n\n\n\n<ul class=\"wp-block-list\">\n<li>\u00c1pol\u00f3i \u00f3rad\u00edj: 8-16 \u00f3ra k\u00f6z\u00f6tt &#8211; 8.000.-Ft\/\u00f3ra<\/li>\n\n\n\n<li>\u00c1pol\u00f3i \u00f3rad\u00edj: 16 \u00f3ra ut\u00e1n, h\u00e9tv\u00e9g\u00e9n \u00e9s \u00fcnnepnapokon \u2013 12.000.-Ft\/\u00f3ra <\/li>\n<\/ul>\n\n\n\n<p>Szak\u00e1pol\u00f3i szolg\u00e1ltat\u00e1s:<\/p>\n\n\n\n<ul class=\"wp-block-list\">\n<li>Sebkezel\u00e9s: 15.000.-Ft\/alkalom<\/li>\n\n\n\n<li>Inf\u00fazi\u00f3s ter\u00e1pia: 15.000.-Ft\/alkalom<\/li>\n\n\n\n<li>Gyomor szonda csere: 15.000.-Ft\/alkalom<\/li>\n\n\n\n<li>Kat\u00e9ter csere: 15.000.-Ft\/alkalom<\/li>\n\n\n\n<li>H\u00f3lyag\u00f6bl\u00edt\u00e9s: 15.000.-Ft\/alkalom<\/li>\n\n\n\n<li>Be\u00f6nt\u00e9s: 15.000.-Ft\/alkalom<\/li>\n<\/ul>\n\n\n\n<ul class=\"wp-block-list\">\n<li>\u00c1pol\u00f3i szaktan\u00e1csad\u00e1s &#8211;&nbsp; oktat\u00e1s: 30.000.-Ft\/\u00f3ra<\/li>\n<\/ul>\n<\/div><\/div>\n\n\n\n<p class=\"has-text-align-center animated bounceIn slow\"><strong>Nem tartalmazza a felhaszn\u00e1lt eszk\u00f6z\u00f6k anyagok \u00e1r\u00e1t, amelynek d\u00edja a szolg\u00e1ltat\u00e1s d\u00edj\u00e1n fel\u00fcl ker\u00fcl kisz\u00e1ml\u00e1z\u00e1sra.<\/strong><\/p>\n\n\n\n<p class=\"has-text-align-center animated bounceIn slow delay-1s\"><strong>H\u00e9tv\u00e9g\u00e9n \u00e9s pihen\u0151napokon \u00e9s munkanapokon 16 \u00f3ra ut\u00e1n a szolg\u00e1ltat\u00e1s alap\u00e1r\u00e1n fel\u00fcl 10.000.-Ft p\u00f3tl\u00e9kot sz\u00e1m\u00edtunk fel alkalmank\u00e9nt<\/strong>.<\/p>\n\n\n\n<p class=\"has-text-align-center animated bounceIn delay-3s slow\"><strong>A fenti d\u00edjak t\u00e1j\u00e9koztat\u00f3 jellegek, tartalmazza a kisz\u00e1ll\u00e1s d\u00edj\u00e1t Budapesten bel\u00fcl.<\/strong><\/p>\n\n\n\n<p class=\"has-text-align-center animated bounceIn delay-4s slow\"><strong>Pest megyei kisz\u00e1ll\u00e1s d\u00edjakr\u00f3l \u00e9rdekl\u0151dj\u00f6n.<\/strong><\/p>\n\n\n\n<p class=\"has-text-align-center animated bounceIn delay-5s slow\"><strong>Tart\u00f3s, intenz\u00edvebb id\u0151tartamra ig\u00e9nybevett szolg\u00e1ltat\u00e1s \u00e1r\u00e1\u00e9rt, k\u00e9rj\u00fck vegye fel vel\u00fcnk a kapcsolatot.<\/strong><\/p>\n\n\n<div class=\"wp-block-image\">\n<figure class=\"aligncenter size-large is-resized\"><img loading=\"lazy\" decoding=\"async\" src=\"https:\/\/birilloangel.hu\/birilloangel\/wp-content\/uploads\/2022\/10\/BA_Design1024_1-1024x1024.jpg\" alt=\"\" class=\"wp-image-35\" width=\"123\" height=\"123\" srcset=\"https:\/\/birilloangel.hu\/birilloangel\/wp-content\/uploads\/2022\/10\/BA_Design1024_1.jpg 1024w, https:\/\/birilloangel.hu\/birilloangel\/wp-content\/uploads\/2022\/10\/BA_Design1024_1-300x300.jpg 300w, https:\/\/birilloangel.hu\/birilloangel\/wp-content\/uploads\/2022\/10\/BA_Design1024_1-150x150.jpg 150w, https:\/\/birilloangel.hu\/birilloangel\/wp-content\/uploads\/2022\/10\/BA_Design1024_1-768x768.jpg 768w, https:\/\/birilloangel.hu\/birilloangel\/wp-content\/uploads\/2022\/10\/BA_Design1024_1-60x60.jpg 60w\" sizes=\"auto, (max-width: 123px) 100vw, 123px\" \/><\/figure>\n<\/div><\/div>\n<\/div><\/div>\n","protected":false},"excerpt":{"rendered":"","protected":false},"author":1,"featured_media":0,"parent":0,"menu_order":0,"comment_status":"closed","ping_status":"closed","template":"","meta":{"_themeisle_gutenberg_block_has_review":false,"footnotes":""},"class_list":["post-74","page","type-page","status-publish","hentry"],"yoast_head":"<!-- This site is optimized with the Yoast SEO plugin v26.6 - https:\/\/yoast.com\/wordpress\/plugins\/seo\/ -->\n<title>\u00c1rlista - BirilloAngel<\/title>\n<meta name=\"robots\" content=\"index, follow, max-snippet:-1, max-image-preview:large, max-video-preview:-1\" \/>\n<link rel=\"canonical\" href=\"https:\/\/birilloangel.hu\/birilloangel\/?page_id=74\" \/>\n<meta property=\"og:locale\" content=\"hu_HU\" \/>\n<meta property=\"og:type\" content=\"article\" \/>\n<meta property=\"og:title\" content=\"\u00c1rlista - BirilloAngel\" \/>\n<meta property=\"og:url\" content=\"https:\/\/birilloangel.hu\/birilloangel\/?page_id=74\" \/>\n<meta property=\"og:site_name\" content=\"BirilloAngel\" \/>\n<meta property=\"article:modified_time\" content=\"2022-11-05T17:22:31+00:00\" \/>\n<meta property=\"og:image\" content=\"https:\/\/birilloangel.hu\/birilloangel\/wp-content\/uploads\/2022\/10\/BA_Design1024_1-1024x1024.jpg\" \/>\n<meta name=\"twitter:card\" content=\"summary_large_image\" \/>\n<meta name=\"twitter:label1\" content=\"Becs\u00fclt olvas\u00e1si id\u0151\" \/>\n\t<meta name=\"twitter:data1\" content=\"2 perc\" \/>\n<script type=\"application\/ld+json\" class=\"yoast-schema-graph\">{\"@context\":\"https:\/\/schema.org\",\"@graph\":[{\"@type\":\"WebPage\",\"@id\":\"https:\/\/birilloangel.hu\/birilloangel\/?page_id=74\",\"url\":\"https:\/\/birilloangel.hu\/birilloangel\/?page_id=74\",\"name\":\"\u00c1rlista - BirilloAngel\",\"isPartOf\":{\"@id\":\"https:\/\/birilloangel.hu\/birilloangel\/#website\"},\"primaryImageOfPage\":{\"@id\":\"https:\/\/birilloangel.hu\/birilloangel\/?page_id=74#primaryimage\"},\"image\":{\"@id\":\"https:\/\/birilloangel.hu\/birilloangel\/?page_id=74#primaryimage\"},\"thumbnailUrl\":\"https:\/\/birilloangel.hu\/birilloangel\/wp-content\/uploads\/2022\/10\/BA_Design1024_1-1024x1024.jpg\",\"datePublished\":\"2022-10-16T20:50:36+00:00\",\"dateModified\":\"2022-11-05T17:22:31+00:00\",\"breadcrumb\":{\"@id\":\"https:\/\/birilloangel.hu\/birilloangel\/?page_id=74#breadcrumb\"},\"inLanguage\":\"hu\",\"potentialAction\":[{\"@type\":\"ReadAction\",\"target\":[\"https:\/\/birilloangel.hu\/birilloangel\/?page_id=74\"]}]},{\"@type\":\"ImageObject\",\"inLanguage\":\"hu\",\"@id\":\"https:\/\/birilloangel.hu\/birilloangel\/?page_id=74#primaryimage\",\"url\":\"https:\/\/birilloangel.hu\/birilloangel\/wp-content\/uploads\/2022\/10\/BA_Design1024_1.jpg\",\"contentUrl\":\"https:\/\/birilloangel.hu\/birilloangel\/wp-content\/uploads\/2022\/10\/BA_Design1024_1.jpg\",\"width\":1024,\"height\":1024},{\"@type\":\"BreadcrumbList\",\"@id\":\"https:\/\/birilloangel.hu\/birilloangel\/?page_id=74#breadcrumb\",\"itemListElement\":[{\"@type\":\"ListItem\",\"position\":1,\"name\":\"Kezd\u0151lap\",\"item\":\"https:\/\/birilloangel.hu\/birilloangel\/\"},{\"@type\":\"ListItem\",\"position\":2,\"name\":\"\u00c1rlista\"}]},{\"@type\":\"WebSite\",\"@id\":\"https:\/\/birilloangel.hu\/birilloangel\/#website\",\"url\":\"https:\/\/birilloangel.hu\/birilloangel\/\",\"name\":\"BirilloAngel\",\"description\":\"otthoni szak\u00e1pol\u00e1s \u2013 betegell\u00e1t\u00e1s szolg\u00e1ltat\u00e1s\",\"publisher\":{\"@id\":\"https:\/\/birilloangel.hu\/birilloangel\/#organization\"},\"potentialAction\":[{\"@type\":\"SearchAction\",\"target\":{\"@type\":\"EntryPoint\",\"urlTemplate\":\"https:\/\/birilloangel.hu\/birilloangel\/?s={search_term_string}\"},\"query-input\":{\"@type\":\"PropertyValueSpecification\",\"valueRequired\":true,\"valueName\":\"search_term_string\"}}],\"inLanguage\":\"hu\"},{\"@type\":\"Organization\",\"@id\":\"https:\/\/birilloangel.hu\/birilloangel\/#organization\",\"name\":\"BirilloAngel\",\"url\":\"https:\/\/birilloangel.hu\/birilloangel\/\",\"logo\":{\"@type\":\"ImageObject\",\"inLanguage\":\"hu\",\"@id\":\"https:\/\/birilloangel.hu\/birilloangel\/#\/schema\/logo\/image\/\",\"url\":\"https:\/\/birilloangel.hu\/birilloangel\/wp-content\/uploads\/2022\/11\/cropped-BA_logo4website.jpg\",\"contentUrl\":\"https:\/\/birilloangel.hu\/birilloangel\/wp-content\/uploads\/2022\/11\/cropped-BA_logo4website.jpg\",\"width\":200,\"height\":200,\"caption\":\"BirilloAngel\"},\"image\":{\"@id\":\"https:\/\/birilloangel.hu\/birilloangel\/#\/schema\/logo\/image\/\"}}]}<\/script>\n<!-- \/ Yoast SEO plugin. -->","yoast_head_json":{"title":"\u00c1rlista - BirilloAngel","robots":{"index":"index","follow":"follow","max-snippet":"max-snippet:-1","max-image-preview":"max-image-preview:large","max-video-preview":"max-video-preview:-1"},"canonical":"https:\/\/birilloangel.hu\/birilloangel\/?page_id=74","og_locale":"hu_HU","og_type":"article","og_title":"\u00c1rlista - BirilloAngel","og_url":"https:\/\/birilloangel.hu\/birilloangel\/?page_id=74","og_site_name":"BirilloAngel","article_modified_time":"2022-11-05T17:22:31+00:00","og_image":[{"url":"https:\/\/birilloangel.hu\/birilloangel\/wp-content\/uploads\/2022\/10\/BA_Design1024_1-1024x1024.jpg","type":"","width":"","height":""}],"twitter_card":"summary_large_image","twitter_misc":{"Becs\u00fclt olvas\u00e1si id\u0151":"2 perc"},"schema":{"@context":"https:\/\/schema.org","@graph":[{"@type":"WebPage","@id":"https:\/\/birilloangel.hu\/birilloangel\/?page_id=74","url":"https:\/\/birilloangel.hu\/birilloangel\/?page_id=74","name":"\u00c1rlista - BirilloAngel","isPartOf":{"@id":"https:\/\/birilloangel.hu\/birilloangel\/#website"},"primaryImageOfPage":{"@id":"https:\/\/birilloangel.hu\/birilloangel\/?page_id=74#primaryimage"},"image":{"@id":"https:\/\/birilloangel.hu\/birilloangel\/?page_id=74#primaryimage"},"thumbnailUrl":"https:\/\/birilloangel.hu\/birilloangel\/wp-content\/uploads\/2022\/10\/BA_Design1024_1-1024x1024.jpg","datePublished":"2022-10-16T20:50:36+00:00","dateModified":"2022-11-05T17:22:31+00:00","breadcrumb":{"@id":"https:\/\/birilloangel.hu\/birilloangel\/?page_id=74#breadcrumb"},"inLanguage":"hu","potentialAction":[{"@type":"ReadAction","target":["https:\/\/birilloangel.hu\/birilloangel\/?page_id=74"]}]},{"@type":"ImageObject","inLanguage":"hu","@id":"https:\/\/birilloangel.hu\/birilloangel\/?page_id=74#primaryimage","url":"https:\/\/birilloangel.hu\/birilloangel\/wp-content\/uploads\/2022\/10\/BA_Design1024_1.jpg","contentUrl":"https:\/\/birilloangel.hu\/birilloangel\/wp-content\/uploads\/2022\/10\/BA_Design1024_1.jpg","width":1024,"height":1024},{"@type":"BreadcrumbList","@id":"https:\/\/birilloangel.hu\/birilloangel\/?page_id=74#breadcrumb","itemListElement":[{"@type":"ListItem","position":1,"name":"Kezd\u0151lap","item":"https:\/\/birilloangel.hu\/birilloangel\/"},{"@type":"ListItem","position":2,"name":"\u00c1rlista"}]},{"@type":"WebSite","@id":"https:\/\/birilloangel.hu\/birilloangel\/#website","url":"https:\/\/birilloangel.hu\/birilloangel\/","name":"BirilloAngel","description":"otthoni szak\u00e1pol\u00e1s \u2013 betegell\u00e1t\u00e1s szolg\u00e1ltat\u00e1s","publisher":{"@id":"https:\/\/birilloangel.hu\/birilloangel\/#organization"},"potentialAction":[{"@type":"SearchAction","target":{"@type":"EntryPoint","urlTemplate":"https:\/\/birilloangel.hu\/birilloangel\/?s={search_term_string}"},"query-input":{"@type":"PropertyValueSpecification","valueRequired":true,"valueName":"search_term_string"}}],"inLanguage":"hu"},{"@type":"Organization","@id":"https:\/\/birilloangel.hu\/birilloangel\/#organization","name":"BirilloAngel","url":"https:\/\/birilloangel.hu\/birilloangel\/","logo":{"@type":"ImageObject","inLanguage":"hu","@id":"https:\/\/birilloangel.hu\/birilloangel\/#\/schema\/logo\/image\/","url":"https:\/\/birilloangel.hu\/birilloangel\/wp-content\/uploads\/2022\/11\/cropped-BA_logo4website.jpg","contentUrl":"https:\/\/birilloangel.hu\/birilloangel\/wp-content\/uploads\/2022\/11\/cropped-BA_logo4website.jpg","width":200,"height":200,"caption":"BirilloAngel"},"image":{"@id":"https:\/\/birilloangel.hu\/birilloangel\/#\/schema\/logo\/image\/"}}]}},"_links":{"self":[{"href":"https:\/\/birilloangel.hu\/birilloangel\/index.php?rest_route=\/wp\/v2\/pages\/74","targetHints":{"allow":["GET"]}}],"collection":[{"href":"https:\/\/birilloangel.hu\/birilloangel\/index.php?rest_route=\/wp\/v2\/pages"}],"about":[{"href":"https:\/\/birilloangel.hu\/birilloangel\/index.php?rest_route=\/wp\/v2\/types\/page"}],"author":[{"embeddable":true,"href":"https:\/\/birilloangel.hu\/birilloangel\/index.php?rest_route=\/wp\/v2\/users\/1"}],"replies":[{"embeddable":true,"href":"https:\/\/birilloangel.hu\/birilloangel\/index.php?rest_route=%2Fwp%2Fv2%2Fcomments&post=74"}],"version-history":[{"count":26,"href":"https:\/\/birilloangel.hu\/birilloangel\/index.php?rest_route=\/wp\/v2\/pages\/74\/revisions"}],"predecessor-version":[{"id":261,"href":"https:\/\/birilloangel.hu\/birilloangel\/index.php?rest_route=\/wp\/v2\/pages\/74\/revisions\/261"}],"wp:attachment":[{"href":"https:\/\/birilloangel.hu\/birilloangel\/index.php?rest_route=%2Fwp%2Fv2%2Fmedia&parent=74"}],"curies":[{"name":"wp","href":"https:\/\/api.w.org\/{rel}","templated":true}]}}