{"id":72,"date":"2022-10-16T20:50:01","date_gmt":"2022-10-16T20:50:01","guid":{"rendered":"https:\/\/birilloangel.hu\/birilloangel\/?page_id=72"},"modified":"2022-11-05T20:26:03","modified_gmt":"2022-11-05T20:26:03","slug":"kapcsolat","status":"publish","type":"page","link":"https:\/\/birilloangel.hu\/birilloangel\/?page_id=72","title":{"rendered":"Kapcsolat"},"content":{"rendered":"\n<figure class=\"wp-block-pullquote\"><blockquote><p>K\u00e9rd\u00e9se van? Tov\u00e1bbi inform\u00e1ci\u00f3ra van sz\u00fcks\u00e9ge? <br>Szeretn\u00e9 ig\u00e9nybe venni  szolg\u00e1ltat\u00e1sunkat?<br>Vegye fel vel\u00fcnk a kapcsolatot az al\u00e1bbi \u0171rlap seg\u00edts\u00e9g\u00e9vel \u00fczenetben!<\/p><\/blockquote><\/figure>\n\n\n\n<div id=\"wp-block-themeisle-blocks-advanced-columns-c343cbf6\" class=\"wp-block-themeisle-blocks-advanced-columns has-1-columns has-desktop-equal-layout has-tablet-equal-layout has-mobile-equal-layout has-vertical-unset\"><div class=\"wp-block-themeisle-blocks-advanced-columns-overlay\"><\/div><div class=\"innerblocks-wrap\">\n<div id=\"wp-block-themeisle-blocks-advanced-column-0a6bea3b\" class=\"wp-block-themeisle-blocks-advanced-column\">\n<div class=\"wp-block-file\"><a id=\"wp-block-file--media-a05bb0d0-87fb-45fa-92fa-1d05d197340b\" href=\"https:\/\/birilloangel.hu\/birilloangel\/wp-content\/uploads\/2022\/10\/Birillo-Zoo-Kft-BirilloAngel-adatve\u0301delmi-e\u0301s-adatkezele\u0301si-szaba\u0301lyzat-GDPR.pdf\">Birillo Zoo Kft &#8211; BirilloAngel adatve\u0301delmi e\u0301s adatkezele\u0301si szaba\u0301lyzat GDPR<\/a><\/div>\n\n\n\n<div class=\"wp-block-contact-form-7-contact-form-selector\">\n<div class=\"wpcf7 no-js\" id=\"wpcf7-f4-o1\" lang=\"hu-HU\" dir=\"ltr\">\n<div class=\"screen-reader-response\"><p role=\"status\" aria-live=\"polite\" aria-atomic=\"true\"><\/p> <ul><\/ul><\/div>\n<form action=\"\/birilloangel\/index.php?rest_route=%2Fwp%2Fv2%2Fpages%2F72#wpcf7-f4-o1\" method=\"post\" class=\"wpcf7-form init\" aria-label=\"Kapcsolatfelv\u00e9teli \u0171rlap\" novalidate=\"novalidate\" data-status=\"init\">\n<div style=\"display: none;\">\n<input type=\"hidden\" name=\"_wpcf7\" value=\"4\" \/>\n<input type=\"hidden\" name=\"_wpcf7_version\" value=\"5.9.3\" \/>\n<input type=\"hidden\" name=\"_wpcf7_locale\" value=\"hu_HU\" \/>\n<input type=\"hidden\" name=\"_wpcf7_unit_tag\" value=\"wpcf7-f4-o1\" \/>\n<input type=\"hidden\" name=\"_wpcf7_container_post\" value=\"0\" \/>\n<input type=\"hidden\" name=\"_wpcf7_posted_data_hash\" value=\"\" \/>\n<\/div>\n<p><label> N\u00e9v (k\u00f6telez\u0151)<br \/>\n<span class=\"wpcf7-form-control-wrap\" data-name=\"your-name\"><input size=\"40\" class=\"wpcf7-form-control wpcf7-text wpcf7-validates-as-required\" aria-required=\"true\" aria-invalid=\"false\" value=\"\" type=\"text\" name=\"your-name\" \/><\/span> <\/label>\n<\/p>\n<p><label> E-mail c\u00edm (k\u00f6telez\u0151)<br \/>\n<span class=\"wpcf7-form-control-wrap\" data-name=\"your-email\"><input size=\"40\" class=\"wpcf7-form-control wpcf7-email wpcf7-validates-as-required wpcf7-text wpcf7-validates-as-email\" aria-required=\"true\" aria-invalid=\"false\" value=\"\" type=\"email\" name=\"your-email\" \/><\/span> <\/label>\n<\/p>\n<p><label> T\u00e1rgy (k\u00f6telez\u0151)<br \/>\n<span class=\"wpcf7-form-control-wrap\" data-name=\"your-subject\"><input size=\"40\" class=\"wpcf7-form-control wpcf7-text wpcf7-validates-as-required\" aria-required=\"true\" aria-invalid=\"false\" value=\"\" type=\"text\" name=\"your-subject\" \/><\/span> <\/label>\n<\/p>\n<p><label> \u00dczenet (k\u00f6telez\u0151)<br \/>\n<span class=\"wpcf7-form-control-wrap\" data-name=\"your-message\"><textarea cols=\"40\" rows=\"10\" class=\"wpcf7-form-control wpcf7-textarea wpcf7-validates-as-required\" aria-required=\"true\" aria-invalid=\"false\" name=\"your-message\"><\/textarea><\/span> <\/label>\n<\/p>\n<p><label>GDPR meg\u00e1llapod\u00e1s<\/label><br \/>\n<span class=\"wpcf7-form-control-wrap\" data-name=\"checkbox-704\"><span class=\"wpcf7-form-control wpcf7-checkbox wpcf7-validates-as-required gdpr\" id=\"gdpr\"><span class=\"wpcf7-list-item first last\"><label><input type=\"checkbox\" name=\"checkbox-704[]\" value=\"Hozz\u00e1j\u00e1rulok ahhoz, hogy ez a weboldal t\u00e1rolja a bek\u00fcld\u00f6tt adataimat, hogy v\u00e1laszolhassanak megkeres\u00e9semre.\" \/><span class=\"wpcf7-list-item-label\">Hozz\u00e1j\u00e1rulok ahhoz, hogy ez a weboldal t\u00e1rolja a bek\u00fcld\u00f6tt adataimat, hogy v\u00e1laszolhassanak megkeres\u00e9semre.<\/span><\/label><\/span><\/span><\/span>\n<\/p>\n<p><input class=\"wpcf7-form-control wpcf7-submit has-spinner\" type=\"submit\" value=\"Bek\u00fcld\u00e9s\" \/>\n<\/p><div class=\"wpcf7-response-output\" aria-hidden=\"true\"><\/div>\n<\/form>\n<\/div>\n<\/div>\n<\/div>\n<\/div><\/div>\n\n\n<div class=\"is-default-size aligncenter wp-block-site-logo\"><a href=\"https:\/\/birilloangel.hu\/birilloangel\/\" class=\"custom-logo-link\" rel=\"home\"><img loading=\"lazy\" decoding=\"async\" width=\"200\" height=\"200\" src=\"https:\/\/birilloangel.hu\/birilloangel\/wp-content\/uploads\/2022\/11\/cropped-BA_logo4website.jpg\" class=\"custom-logo\" alt=\"BirilloAngel\" srcset=\"https:\/\/birilloangel.hu\/birilloangel\/wp-content\/uploads\/2022\/11\/cropped-BA_logo4website.jpg 200w, https:\/\/birilloangel.hu\/birilloangel\/wp-content\/uploads\/2022\/11\/cropped-BA_logo4website-150x150.jpg 150w, https:\/\/birilloangel.hu\/birilloangel\/wp-content\/uploads\/2022\/11\/cropped-BA_logo4website-60x60.jpg 60w\" sizes=\"auto, (max-width: 200px) 100vw, 200px\" \/><\/a><\/div>","protected":false},"excerpt":{"rendered":"<p>K\u00e9rd\u00e9se van? Tov\u00e1bbi inform\u00e1ci\u00f3ra van sz\u00fcks\u00e9ge? Szeretn\u00e9 ig\u00e9nybe venni szolg\u00e1ltat\u00e1sunkat?Vegye fel vel\u00fcnk a kapcsolatot az al\u00e1bbi \u0171rlap seg\u00edts\u00e9g\u00e9vel \u00fczenetben!<\/p>\n","protected":false},"author":1,"featured_media":0,"parent":0,"menu_order":0,"comment_status":"closed","ping_status":"closed","template":"","meta":{"_themeisle_gutenberg_block_has_review":false,"footnotes":""},"class_list":["post-72","page","type-page","status-publish","hentry"],"yoast_head":"<!-- This site is optimized with the Yoast SEO plugin v26.6 - https:\/\/yoast.com\/wordpress\/plugins\/seo\/ -->\n<title>Kapcsolat - BirilloAngel<\/title>\n<meta name=\"robots\" content=\"index, follow, max-snippet:-1, max-image-preview:large, max-video-preview:-1\" \/>\n<link rel=\"canonical\" href=\"https:\/\/birilloangel.hu\/birilloangel\/?page_id=72\" \/>\n<meta property=\"og:locale\" content=\"hu_HU\" \/>\n<meta property=\"og:type\" content=\"article\" \/>\n<meta property=\"og:title\" content=\"Kapcsolat - BirilloAngel\" \/>\n<meta property=\"og:description\" content=\"K\u00e9rd\u00e9se van? Tov\u00e1bbi inform\u00e1ci\u00f3ra van sz\u00fcks\u00e9ge? Szeretn\u00e9 ig\u00e9nybe venni szolg\u00e1ltat\u00e1sunkat?Vegye fel vel\u00fcnk a kapcsolatot az al\u00e1bbi \u0171rlap seg\u00edts\u00e9g\u00e9vel \u00fczenetben!\" \/>\n<meta property=\"og:url\" content=\"https:\/\/birilloangel.hu\/birilloangel\/?page_id=72\" \/>\n<meta property=\"og:site_name\" content=\"BirilloAngel\" \/>\n<meta property=\"article:modified_time\" content=\"2022-11-05T20:26:03+00:00\" \/>\n<meta name=\"twitter:card\" content=\"summary_large_image\" \/>\n<meta name=\"twitter:label1\" content=\"Becs\u00fclt olvas\u00e1si id\u0151\" \/>\n\t<meta name=\"twitter:data1\" content=\"1 perc\" \/>\n<script type=\"application\/ld+json\" class=\"yoast-schema-graph\">{\"@context\":\"https:\/\/schema.org\",\"@graph\":[{\"@type\":\"WebPage\",\"@id\":\"https:\/\/birilloangel.hu\/birilloangel\/?page_id=72\",\"url\":\"https:\/\/birilloangel.hu\/birilloangel\/?page_id=72\",\"name\":\"Kapcsolat - BirilloAngel\",\"isPartOf\":{\"@id\":\"https:\/\/birilloangel.hu\/birilloangel\/#website\"},\"datePublished\":\"2022-10-16T20:50:01+00:00\",\"dateModified\":\"2022-11-05T20:26:03+00:00\",\"breadcrumb\":{\"@id\":\"https:\/\/birilloangel.hu\/birilloangel\/?page_id=72#breadcrumb\"},\"inLanguage\":\"hu\",\"potentialAction\":[{\"@type\":\"ReadAction\",\"target\":[\"https:\/\/birilloangel.hu\/birilloangel\/?page_id=72\"]}]},{\"@type\":\"BreadcrumbList\",\"@id\":\"https:\/\/birilloangel.hu\/birilloangel\/?page_id=72#breadcrumb\",\"itemListElement\":[{\"@type\":\"ListItem\",\"position\":1,\"name\":\"Kezd\u0151lap\",\"item\":\"https:\/\/birilloangel.hu\/birilloangel\/\"},{\"@type\":\"ListItem\",\"position\":2,\"name\":\"Kapcsolat\"}]},{\"@type\":\"WebSite\",\"@id\":\"https:\/\/birilloangel.hu\/birilloangel\/#website\",\"url\":\"https:\/\/birilloangel.hu\/birilloangel\/\",\"name\":\"BirilloAngel\",\"description\":\"otthoni szak\u00e1pol\u00e1s \u2013 betegell\u00e1t\u00e1s szolg\u00e1ltat\u00e1s\",\"publisher\":{\"@id\":\"https:\/\/birilloangel.hu\/birilloangel\/#organization\"},\"potentialAction\":[{\"@type\":\"SearchAction\",\"target\":{\"@type\":\"EntryPoint\",\"urlTemplate\":\"https:\/\/birilloangel.hu\/birilloangel\/?s={search_term_string}\"},\"query-input\":{\"@type\":\"PropertyValueSpecification\",\"valueRequired\":true,\"valueName\":\"search_term_string\"}}],\"inLanguage\":\"hu\"},{\"@type\":\"Organization\",\"@id\":\"https:\/\/birilloangel.hu\/birilloangel\/#organization\",\"name\":\"BirilloAngel\",\"url\":\"https:\/\/birilloangel.hu\/birilloangel\/\",\"logo\":{\"@type\":\"ImageObject\",\"inLanguage\":\"hu\",\"@id\":\"https:\/\/birilloangel.hu\/birilloangel\/#\/schema\/logo\/image\/\",\"url\":\"https:\/\/birilloangel.hu\/birilloangel\/wp-content\/uploads\/2022\/11\/cropped-BA_logo4website.jpg\",\"contentUrl\":\"https:\/\/birilloangel.hu\/birilloangel\/wp-content\/uploads\/2022\/11\/cropped-BA_logo4website.jpg\",\"width\":200,\"height\":200,\"caption\":\"BirilloAngel\"},\"image\":{\"@id\":\"https:\/\/birilloangel.hu\/birilloangel\/#\/schema\/logo\/image\/\"}}]}<\/script>\n<!-- \/ Yoast SEO plugin. -->","yoast_head_json":{"title":"Kapcsolat - BirilloAngel","robots":{"index":"index","follow":"follow","max-snippet":"max-snippet:-1","max-image-preview":"max-image-preview:large","max-video-preview":"max-video-preview:-1"},"canonical":"https:\/\/birilloangel.hu\/birilloangel\/?page_id=72","og_locale":"hu_HU","og_type":"article","og_title":"Kapcsolat - BirilloAngel","og_description":"K\u00e9rd\u00e9se van? Tov\u00e1bbi inform\u00e1ci\u00f3ra van sz\u00fcks\u00e9ge? Szeretn\u00e9 ig\u00e9nybe venni szolg\u00e1ltat\u00e1sunkat?Vegye fel vel\u00fcnk a kapcsolatot az al\u00e1bbi \u0171rlap seg\u00edts\u00e9g\u00e9vel \u00fczenetben!","og_url":"https:\/\/birilloangel.hu\/birilloangel\/?page_id=72","og_site_name":"BirilloAngel","article_modified_time":"2022-11-05T20:26:03+00:00","twitter_card":"summary_large_image","twitter_misc":{"Becs\u00fclt olvas\u00e1si id\u0151":"1 perc"},"schema":{"@context":"https:\/\/schema.org","@graph":[{"@type":"WebPage","@id":"https:\/\/birilloangel.hu\/birilloangel\/?page_id=72","url":"https:\/\/birilloangel.hu\/birilloangel\/?page_id=72","name":"Kapcsolat - BirilloAngel","isPartOf":{"@id":"https:\/\/birilloangel.hu\/birilloangel\/#website"},"datePublished":"2022-10-16T20:50:01+00:00","dateModified":"2022-11-05T20:26:03+00:00","breadcrumb":{"@id":"https:\/\/birilloangel.hu\/birilloangel\/?page_id=72#breadcrumb"},"inLanguage":"hu","potentialAction":[{"@type":"ReadAction","target":["https:\/\/birilloangel.hu\/birilloangel\/?page_id=72"]}]},{"@type":"BreadcrumbList","@id":"https:\/\/birilloangel.hu\/birilloangel\/?page_id=72#breadcrumb","itemListElement":[{"@type":"ListItem","position":1,"name":"Kezd\u0151lap","item":"https:\/\/birilloangel.hu\/birilloangel\/"},{"@type":"ListItem","position":2,"name":"Kapcsolat"}]},{"@type":"WebSite","@id":"https:\/\/birilloangel.hu\/birilloangel\/#website","url":"https:\/\/birilloangel.hu\/birilloangel\/","name":"BirilloAngel","description":"otthoni szak\u00e1pol\u00e1s \u2013 betegell\u00e1t\u00e1s szolg\u00e1ltat\u00e1s","publisher":{"@id":"https:\/\/birilloangel.hu\/birilloangel\/#organization"},"potentialAction":[{"@type":"SearchAction","target":{"@type":"EntryPoint","urlTemplate":"https:\/\/birilloangel.hu\/birilloangel\/?s={search_term_string}"},"query-input":{"@type":"PropertyValueSpecification","valueRequired":true,"valueName":"search_term_string"}}],"inLanguage":"hu"},{"@type":"Organization","@id":"https:\/\/birilloangel.hu\/birilloangel\/#organization","name":"BirilloAngel","url":"https:\/\/birilloangel.hu\/birilloangel\/","logo":{"@type":"ImageObject","inLanguage":"hu","@id":"https:\/\/birilloangel.hu\/birilloangel\/#\/schema\/logo\/image\/","url":"https:\/\/birilloangel.hu\/birilloangel\/wp-content\/uploads\/2022\/11\/cropped-BA_logo4website.jpg","contentUrl":"https:\/\/birilloangel.hu\/birilloangel\/wp-content\/uploads\/2022\/11\/cropped-BA_logo4website.jpg","width":200,"height":200,"caption":"BirilloAngel"},"image":{"@id":"https:\/\/birilloangel.hu\/birilloangel\/#\/schema\/logo\/image\/"}}]}},"_links":{"self":[{"href":"https:\/\/birilloangel.hu\/birilloangel\/index.php?rest_route=\/wp\/v2\/pages\/72","targetHints":{"allow":["GET"]}}],"collection":[{"href":"https:\/\/birilloangel.hu\/birilloangel\/index.php?rest_route=\/wp\/v2\/pages"}],"about":[{"href":"https:\/\/birilloangel.hu\/birilloangel\/index.php?rest_route=\/wp\/v2\/types\/page"}],"author":[{"embeddable":true,"href":"https:\/\/birilloangel.hu\/birilloangel\/index.php?rest_route=\/wp\/v2\/users\/1"}],"replies":[{"embeddable":true,"href":"https:\/\/birilloangel.hu\/birilloangel\/index.php?rest_route=%2Fwp%2Fv2%2Fcomments&post=72"}],"version-history":[{"count":16,"href":"https:\/\/birilloangel.hu\/birilloangel\/index.php?rest_route=\/wp\/v2\/pages\/72\/revisions"}],"predecessor-version":[{"id":301,"href":"https:\/\/birilloangel.hu\/birilloangel\/index.php?rest_route=\/wp\/v2\/pages\/72\/revisions\/301"}],"wp:attachment":[{"href":"https:\/\/birilloangel.hu\/birilloangel\/index.php?rest_route=%2Fwp%2Fv2%2Fmedia&parent=72"}],"curies":[{"name":"wp","href":"https:\/\/api.w.org\/{rel}","templated":true}]}}