{"id":303,"date":"2023-01-09T17:50:21","date_gmt":"2023-01-09T17:50:21","guid":{"rendered":"https:\/\/birilloangel.hu\/birilloangel\/?page_id=303"},"modified":"2023-01-15T19:04:51","modified_gmt":"2023-01-15T19:04:51","slug":"blog","status":"publish","type":"page","link":"https:\/\/birilloangel.hu\/birilloangel\/?page_id=303","title":{"rendered":"Blog"},"content":{"rendered":"\n<div id=\"wp-block-themeisle-blocks-advanced-columns-6f2534b6\" class=\"wp-block-themeisle-blocks-advanced-columns has-2-columns has-desktop-equal-layout has-tablet-equal-layout has-mobile-equal-layout has-vertical-unset\"><div class=\"wp-block-themeisle-blocks-advanced-columns-overlay\"><\/div><div class=\"innerblocks-wrap\">\n<div id=\"wp-block-themeisle-blocks-advanced-column-f35a13d6\" class=\"wp-block-themeisle-blocks-advanced-column\">\n<div class=\"wp-block-group\"><div class=\"wp-block-group__inner-container is-layout-constrained wp-block-group-is-layout-constrained\">\n\t<div id=\"wpbaw-blog-1\" class=\"blogfree-plugin blog-clearfix \">\n\t\n\t\t\t\t<div id=\"post-436\" class=\"blog type-blog blog-clearfix wpbaw-blog-class blog-col-0 has-date no-thumb\">\n\t\t\t<div class=\"blog-inner-wrap-view blog-clearfix\">\n\t\t\t\t\n\t\t\t\t<div class=\"blog-content\">\n\t\t\t\t\t\t\t\t\t\t\t\t<div class=\"blog-author\">\n\t\t\t\t\t\t\t\t\t\t\t\t\t\t\t\t\t<span>\n\t\t\t\t\t\t\t\t\t\tBy <a href=\"https:\/\/birilloangel.hu\/birilloangel\/?author=2\" target=\"_self\">Blogger Birillo<\/a>\n\t\t\t\t\t\t\t\t\t<\/span>\n\t\t\t\t\t\t\t\t \/ \u00e1prilis 9, 2025\t\t\t\t\t\t\t<\/div>\n\t\t\t\t\t\t\n\t\t\t\t\t<div class=\"post-content-text\">\n\t\t\t\t\t\t\t\t\t\t\t\t<h3 class=\"blog-title\"><a href=\"https:\/\/birilloangel.hu\/birilloangel\/?blog_post=szepszis-korhazi-nosocomialis-fertozes-sepsis-vermergezes\" rel=\"bookmark\">K\u00f3rh\u00e1zi fert\u0151z\u00e9sek 2. r\u00e9sz &#8211; Sepsis<\/a><\/h3>\n\t\t\t\t\t\t\t\t\t\t\t\t<div class=\"blog-content-excerpt\">\n\t\t\t\t\t\t\t\t\t\t\t\t\t\t\t<p class=\"blog-short-content\">\u00a0\u00a0 A k\u00f3rh\u00e1zi vagy nosoc\u00f3mi\u00e1lis fert\u0151z\u00e9s k\u00f6vetkezm\u00e9nye a sepsis (szepszis) k\u00f6znyelven v\u00e9rm\u00e9rgez\u00e9s. Az egyre gyakrabban el\u0151fordul\u00f3 k\u00f3rh\u00e1zi fert\u0151z\u00e9sek (nosocomi\u00e1lis fert\u0151z\u00e9sek)&#8230;<\/p>\n\t\t\t\t\t\t\t\t<a href=\"https:\/\/birilloangel.hu\/birilloangel\/?blog_post=szepszis-korhazi-nosocomialis-fertozes-sepsis-vermergezes\" class=\"blog-more-link\"> Read More<\/a>\n\t\t\t\t\t\t\t\t\t\t\t\t\t<\/div>\n\t\t\t\t\t\t\t\t\t\t\t<\/div>\n\t\t\t\t<\/div>\n\t\t\t<\/div>\n\t\t<\/div>\n\t\t\t\t<div id=\"post-418\" class=\"blog type-blog blog-clearfix wpbaw-blog-class blog-col-0 has-date no-thumb\">\n\t\t\t<div class=\"blog-inner-wrap-view blog-clearfix\">\n\t\t\t\t\n\t\t\t\t<div class=\"blog-content\">\n\t\t\t\t\t\t\t\t\t\t\t\t<div class=\"blog-author\">\n\t\t\t\t\t\t\t\t\t\t\t\t\t\t\t\t\t<span>\n\t\t\t\t\t\t\t\t\t\tBy <a href=\"https:\/\/birilloangel.hu\/birilloangel\/?author=2\" target=\"_self\">Blogger Birillo<\/a>\n\t\t\t\t\t\t\t\t\t<\/span>\n\t\t\t\t\t\t\t\t \/ m\u00e1rcius 30, 2025\t\t\t\t\t\t\t<\/div>\n\t\t\t\t\t\t\n\t\t\t\t\t<div class=\"post-content-text\">\n\t\t\t\t\t\t\t\t\t\t\t\t<h3 class=\"blog-title\"><a href=\"https:\/\/birilloangel.hu\/birilloangel\/?blog_post=korhazi-nosocomialis-fertozes\" rel=\"bookmark\">A k\u00f3rh\u00e1zi vagy nosocomi\u00e1lis fert\u0151z\u00e9sek<\/a><\/h3>\n\t\t\t\t\t\t\t\t\t\t\t\t<div class=\"blog-content-excerpt\">\n\t\t\t\t\t\t\t\t\t\t\t\t\t\t\t<p class=\"blog-short-content\">1.r\u00e9sz A k\u00f3rh\u00e1zi vagy nosocomi\u00e1lis fert\u0151z\u00e9sek Az egyre gyakrabban el\u0151fordul\u00f3 k\u00f3rh\u00e1zi fert\u0151z\u00e9sek (nosocomi\u00e1lis fert\u0151z\u00e9sek) a modern eg\u00e9szs\u00e9g\u00fcgyi ell\u00e1t\u00e1s egyik legnagyobb&#8230;<\/p>\n\t\t\t\t\t\t\t\t<a href=\"https:\/\/birilloangel.hu\/birilloangel\/?blog_post=korhazi-nosocomialis-fertozes\" class=\"blog-more-link\"> Read More<\/a>\n\t\t\t\t\t\t\t\t\t\t\t\t\t<\/div>\n\t\t\t\t\t\t\t\t\t\t\t<\/div>\n\t\t\t\t<\/div>\n\t\t\t<\/div>\n\t\t<\/div>\n\t\t\t\t<div id=\"post-413\" class=\"blog type-blog blog-clearfix wpbaw-blog-class blog-col-0 has-date no-thumb\">\n\t\t\t<div class=\"blog-inner-wrap-view blog-clearfix\">\n\t\t\t\t\n\t\t\t\t<div class=\"blog-content\">\n\t\t\t\t\t\t\t\t\t\t\t\t<div class=\"blog-author\">\n\t\t\t\t\t\t\t\t\t\t\t\t\t\t\t\t\t<span>\n\t\t\t\t\t\t\t\t\t\tBy <a href=\"https:\/\/birilloangel.hu\/birilloangel\/?author=2\" target=\"_self\">Blogger Birillo<\/a>\n\t\t\t\t\t\t\t\t\t<\/span>\n\t\t\t\t\t\t\t\t \/ m\u00e1jus 1, 2024\t\t\t\t\t\t\t<\/div>\n\t\t\t\t\t\t\n\t\t\t\t\t<div class=\"post-content-text\">\n\t\t\t\t\t\t\t\t\t\t\t\t<h3 class=\"blog-title\"><a href=\"https:\/\/birilloangel.hu\/birilloangel\/?blog_post=szakapolasi-otthonapolasi-megbizas-menete\" rel=\"bookmark\">Szak\u00e1pol\u00e1si \u2013 Otthon\u00e1pol\u00e1si megb\u00edz\u00e1s menete<\/a><\/h3>\n\t\t\t\t\t\t\t\t\t\t\t\t<div class=\"blog-content-excerpt\">\n\t\t\t\t\t\t\t\t\t\t\t\t\t\t\t<p class=\"blog-short-content\">Szak\u00e1pol\u00e1si \u2013 Otthon\u00e1pol\u00e1si megb\u00edz\u00e1s menete Szeretteink otthoni \u00e1pol\u00e1s\u00e1t kiz\u00e1r\u00f3lag szakmai v\u00e9gzetts\u00e9ggel \u00e9s hat\u00f3s\u00e1gi enged\u00e9lyekkel rendelkez\u0151 c\u00e9gek alkalmaz\u00e1s\u00e1ban \u00e1ll\u00f3 szakdolgoz\u00f3k v\u00e9gezetnek&#8230;.<\/p>\n\t\t\t\t\t\t\t\t<a href=\"https:\/\/birilloangel.hu\/birilloangel\/?blog_post=szakapolasi-otthonapolasi-megbizas-menete\" class=\"blog-more-link\"> Read More<\/a>\n\t\t\t\t\t\t\t\t\t\t\t\t\t<\/div>\n\t\t\t\t\t\t\t\t\t\t\t<\/div>\n\t\t\t\t<\/div>\n\t\t\t<\/div>\n\t\t<\/div>\n\t\t\t\t<div id=\"post-404\" class=\"blog type-blog blog-clearfix wpbaw-blog-class blog-col-0 has-date no-thumb\">\n\t\t\t<div class=\"blog-inner-wrap-view blog-clearfix\">\n\t\t\t\t\n\t\t\t\t<div class=\"blog-content\">\n\t\t\t\t\t\t\t\t\t\t\t\t<div class=\"blog-author\">\n\t\t\t\t\t\t\t\t\t\t\t\t\t\t\t\t\t<span>\n\t\t\t\t\t\t\t\t\t\tBy <a href=\"https:\/\/birilloangel.hu\/birilloangel\/?author=2\" target=\"_self\">Blogger Birillo<\/a>\n\t\t\t\t\t\t\t\t\t<\/span>\n\t\t\t\t\t\t\t\t \/ m\u00e1rcius 3, 2024\t\t\t\t\t\t\t<\/div>\n\t\t\t\t\t\t\n\t\t\t\t\t<div class=\"post-content-text\">\n\t\t\t\t\t\t\t\t\t\t\t\t<h3 class=\"blog-title\"><a href=\"https:\/\/birilloangel.hu\/birilloangel\/?blog_post=beteg-jogok-es-kotelezettsegek-az-egeszsegugyi-ellatasban\" rel=\"bookmark\">Betegek jogai \u00e9s k\u00f6telezetts\u00e9gei az eg\u00e9szs\u00e9g\u00fcgyi ell\u00e1t\u00e1sban 4.r\u00e9sz  &#8211; betegjogok \u00e9rv\u00e9nyes\u00edt\u00e9se<\/a><\/h3>\n\t\t\t\t\t\t\t\t\t\t\t\t<div class=\"blog-content-excerpt\">\n\t\t\t\t\t\t\t\t\t\t\t\t\t\t\t<p class=\"blog-short-content\">Betegek jogai \u00e9s k\u00f6telezetts\u00e9gei az eg\u00e9szs\u00e9g\u00fcgyi ell\u00e1t\u00e1sban &nbsp;4. r\u00e9sz\u2013 Betegjogok \u00e9rv\u00e9nyes\u00edt\u00e9se Az el\u0151z\u0151 r\u00e9szekben kifejtett\u00fck az eg\u00e9szs\u00e9g\u00fcgyi ell\u00e1t\u00e1sban r\u00e9sztvev\u0151 betegek&#8230;<\/p>\n\t\t\t\t\t\t\t\t<a href=\"https:\/\/birilloangel.hu\/birilloangel\/?blog_post=beteg-jogok-es-kotelezettsegek-az-egeszsegugyi-ellatasban\" class=\"blog-more-link\"> Read More<\/a>\n\t\t\t\t\t\t\t\t\t\t\t\t\t<\/div>\n\t\t\t\t\t\t\t\t\t\t\t<\/div>\n\t\t\t\t<\/div>\n\t\t\t<\/div>\n\t\t<\/div>\n\t\t\t\t<div id=\"post-401\" class=\"blog type-blog blog-clearfix wpbaw-blog-class blog-col-0 has-date no-thumb\">\n\t\t\t<div class=\"blog-inner-wrap-view blog-clearfix\">\n\t\t\t\t\n\t\t\t\t<div class=\"blog-content\">\n\t\t\t\t\t\t\t\t\t\t\t\t<div class=\"blog-author\">\n\t\t\t\t\t\t\t\t\t\t\t\t\t\t\t\t\t<span>\n\t\t\t\t\t\t\t\t\t\tBy <a href=\"https:\/\/birilloangel.hu\/birilloangel\/?author=2\" target=\"_self\">Blogger Birillo<\/a>\n\t\t\t\t\t\t\t\t\t<\/span>\n\t\t\t\t\t\t\t\t \/ febru\u00e1r 23, 2024\t\t\t\t\t\t\t<\/div>\n\t\t\t\t\t\t\n\t\t\t\t\t<div class=\"post-content-text\">\n\t\t\t\t\t\t\t\t\t\t\t\t<h3 class=\"blog-title\"><a href=\"https:\/\/birilloangel.hu\/birilloangel\/?blog_post=betegek-jogai-es-kotelezettsegei-az-egeszsegugyi-ellatasban-3-resz\" rel=\"bookmark\">Betegek jogai \u00e9s k\u00f6telezetts\u00e9gei az eg\u00e9szs\u00e9g\u00fcgyi ell\u00e1t\u00e1sban 3.r\u00e9sz<\/a><\/h3>\n\t\t\t\t\t\t\t\t\t\t\t\t<div class=\"blog-content-excerpt\">\n\t\t\t\t\t\t\t\t\t\t\t\t\t\t\t<p class=\"blog-short-content\">Betegek jogai \u00e9s k\u00f6telezetts\u00e9gei az eg\u00e9szs\u00e9g\u00fcgyi ell\u00e1t\u00e1sban &nbsp;3. r\u00e9sz Folytatjuk a eg\u00e9szs\u00e9g\u00fcgyi ell\u00e1t\u00e1sban a betegek jogainak kifejt\u00e9s\u00e9t\u2026.. Az eg\u00e9szs\u00e9g\u00fcgyi ell\u00e1t\u00e1s&#8230;<\/p>\n\t\t\t\t\t\t\t\t<a href=\"https:\/\/birilloangel.hu\/birilloangel\/?blog_post=betegek-jogai-es-kotelezettsegei-az-egeszsegugyi-ellatasban-3-resz\" class=\"blog-more-link\"> Read More<\/a>\n\t\t\t\t\t\t\t\t\t\t\t\t\t<\/div>\n\t\t\t\t\t\t\t\t\t\t\t<\/div>\n\t\t\t\t<\/div>\n\t\t\t<\/div>\n\t\t<\/div>\n\t\t\t\t<div id=\"post-397\" class=\"blog type-blog blog-clearfix wpbaw-blog-class blog-col-0 has-date no-thumb\">\n\t\t\t<div class=\"blog-inner-wrap-view blog-clearfix\">\n\t\t\t\t\n\t\t\t\t<div class=\"blog-content\">\n\t\t\t\t\t\t\t\t\t\t\t\t<div class=\"blog-author\">\n\t\t\t\t\t\t\t\t\t\t\t\t\t\t\t\t\t<span>\n\t\t\t\t\t\t\t\t\t\tBy <a href=\"https:\/\/birilloangel.hu\/birilloangel\/?author=2\" target=\"_self\">Blogger Birillo<\/a>\n\t\t\t\t\t\t\t\t\t<\/span>\n\t\t\t\t\t\t\t\t \/ febru\u00e1r 17, 2024\t\t\t\t\t\t\t<\/div>\n\t\t\t\t\t\t\n\t\t\t\t\t<div class=\"post-content-text\">\n\t\t\t\t\t\t\t\t\t\t\t\t<h3 class=\"blog-title\"><a href=\"https:\/\/birilloangel.hu\/birilloangel\/?blog_post=betegek-jogai-es-kotelezettsegei-az-egeszsegugyi-ellatasban-2-resz\" rel=\"bookmark\">Betegek jogai \u00e9s k\u00f6telezetts\u00e9gei az eg\u00e9szs\u00e9g\u00fcgyi ell\u00e1t\u00e1sban 2.r\u00e9sz<\/a><\/h3>\n\t\t\t\t\t\t\t\t\t\t\t\t<div class=\"blog-content-excerpt\">\n\t\t\t\t\t\t\t\t\t\t\t\t\t\t\t<p class=\"blog-short-content\">Betegek jogai \u00e9s k\u00f6telezetts\u00e9gei az eg\u00e9szs\u00e9g\u00fcgyi ell\u00e1t\u00e1sban &nbsp;2. r\u00e9sz Az els\u0151 r\u00e9szben a z eg\u00e9szs\u00e9g\u00fcgyi ell\u00e1t\u00e1sban a betegek k\u00f6telezetts\u00e9geir\u0151l lehetett&#8230;<\/p>\n\t\t\t\t\t\t\t\t<a href=\"https:\/\/birilloangel.hu\/birilloangel\/?blog_post=betegek-jogai-es-kotelezettsegei-az-egeszsegugyi-ellatasban-2-resz\" class=\"blog-more-link\"> Read More<\/a>\n\t\t\t\t\t\t\t\t\t\t\t\t\t<\/div>\n\t\t\t\t\t\t\t\t\t\t\t<\/div>\n\t\t\t\t<\/div>\n\t\t\t<\/div>\n\t\t<\/div>\n\t\t\t\t<div id=\"post-393\" class=\"blog type-blog blog-clearfix wpbaw-blog-class blog-col-0 has-date no-thumb\">\n\t\t\t<div class=\"blog-inner-wrap-view blog-clearfix\">\n\t\t\t\t\n\t\t\t\t<div class=\"blog-content\">\n\t\t\t\t\t\t\t\t\t\t\t\t<div class=\"blog-author\">\n\t\t\t\t\t\t\t\t\t\t\t\t\t\t\t\t\t<span>\n\t\t\t\t\t\t\t\t\t\tBy <a href=\"https:\/\/birilloangel.hu\/birilloangel\/?author=2\" target=\"_self\">Blogger Birillo<\/a>\n\t\t\t\t\t\t\t\t\t<\/span>\n\t\t\t\t\t\t\t\t \/ febru\u00e1r 7, 2024\t\t\t\t\t\t\t<\/div>\n\t\t\t\t\t\t\n\t\t\t\t\t<div class=\"post-content-text\">\n\t\t\t\t\t\t\t\t\t\t\t\t<h3 class=\"blog-title\"><a href=\"https:\/\/birilloangel.hu\/birilloangel\/?blog_post=betegek-jogai-es-kotelezettsegei-az-egeszsegugyi-ellatasban-1-resz-betegek-kotelezettsegei\" rel=\"bookmark\">Betegek jogai \u00e9s k\u00f6telezetts\u00e9gei az eg\u00e9szs\u00e9g\u00fcgyi ell\u00e1t\u00e1sban  &#8211; 1.r\u00e9sz  Betegek k\u00f6telezetts\u00e9gei<\/a><\/h3>\n\t\t\t\t\t\t\t\t\t\t\t\t<div class=\"blog-content-excerpt\">\n\t\t\t\t\t\t\t\t\t\t\t\t\t\t\t<p class=\"blog-short-content\">Betegek jogai \u00e9s k\u00f6telezetts\u00e9gei az eg\u00e9szs\u00e9g\u00fcgyi ell\u00e1t\u00e1sban r\u00e9sz \u2013Betegek k\u00f6telezetts\u00e9gei: Az egyre roml\u00f3 eg\u00e9szs\u00e9g\u00fcgyi ell\u00e1t\u00e1s okozta bonyolult \u00fatveszt\u0151j\u00e9n k\u00edv\u00fcl fontos&#8230;<\/p>\n\t\t\t\t\t\t\t\t<a href=\"https:\/\/birilloangel.hu\/birilloangel\/?blog_post=betegek-jogai-es-kotelezettsegei-az-egeszsegugyi-ellatasban-1-resz-betegek-kotelezettsegei\" class=\"blog-more-link\"> Read More<\/a>\n\t\t\t\t\t\t\t\t\t\t\t\t\t<\/div>\n\t\t\t\t\t\t\t\t\t\t\t<\/div>\n\t\t\t\t<\/div>\n\t\t\t<\/div>\n\t\t<\/div>\n\t\t\t\t<div id=\"post-391\" class=\"blog type-blog blog-clearfix wpbaw-blog-class blog-col-0 has-date no-thumb\">\n\t\t\t<div class=\"blog-inner-wrap-view blog-clearfix\">\n\t\t\t\t\n\t\t\t\t<div class=\"blog-content\">\n\t\t\t\t\t\t\t\t\t\t\t\t<div class=\"blog-author\">\n\t\t\t\t\t\t\t\t\t\t\t\t\t\t\t\t\t<span>\n\t\t\t\t\t\t\t\t\t\tBy <a href=\"https:\/\/birilloangel.hu\/birilloangel\/?author=2\" target=\"_self\">Blogger Birillo<\/a>\n\t\t\t\t\t\t\t\t\t<\/span>\n\t\t\t\t\t\t\t\t \/ november 5, 2023\t\t\t\t\t\t\t<\/div>\n\t\t\t\t\t\t\n\t\t\t\t\t<div class=\"post-content-text\">\n\t\t\t\t\t\t\t\t\t\t\t\t<h3 class=\"blog-title\"><a href=\"https:\/\/birilloangel.hu\/birilloangel\/?blog_post=otthon-apolas-szakapolas-betegellatas-idos-gondozas\" rel=\"bookmark\">Jogszab\u00e1ly szerint kik lehetnek szeretteink \u00e1pol\u00f3i &#8211; gondoz\u00f3i<\/a><\/h3>\n\t\t\t\t\t\t\t\t\t\t\t\t<div class=\"blog-content-excerpt\">\n\t\t\t\t\t\t\t\t\t\t\t\t\t\t\t<p class=\"blog-short-content\">Nem lehet el\u00e9gszer elmondani, hogy milyen fontos az a t\u00e9ny, hogy beteg szeretteinket kire is b\u00edzzuk, pontosabban kire b\u00edzhatjuk. Magyarorsz\u00e1gon&#8230;<\/p>\n\t\t\t\t\t\t\t\t<a href=\"https:\/\/birilloangel.hu\/birilloangel\/?blog_post=otthon-apolas-szakapolas-betegellatas-idos-gondozas\" class=\"blog-more-link\"> Read More<\/a>\n\t\t\t\t\t\t\t\t\t\t\t\t\t<\/div>\n\t\t\t\t\t\t\t\t\t\t\t<\/div>\n\t\t\t\t<\/div>\n\t\t\t<\/div>\n\t\t<\/div>\n\t\t\t\t<div id=\"post-387\" class=\"blog type-blog blog-clearfix wpbaw-blog-class blog-col-0 has-date no-thumb\">\n\t\t\t<div class=\"blog-inner-wrap-view blog-clearfix\">\n\t\t\t\t\n\t\t\t\t<div class=\"blog-content\">\n\t\t\t\t\t\t\t\t\t\t\t\t<div class=\"blog-author\">\n\t\t\t\t\t\t\t\t\t\t\t\t\t\t\t\t\t<span>\n\t\t\t\t\t\t\t\t\t\tBy <a href=\"https:\/\/birilloangel.hu\/birilloangel\/?author=2\" target=\"_self\">Blogger Birillo<\/a>\n\t\t\t\t\t\t\t\t\t<\/span>\n\t\t\t\t\t\t\t\t \/ okt\u00f3ber 15, 2023\t\t\t\t\t\t\t<\/div>\n\t\t\t\t\t\t\n\t\t\t\t\t<div class=\"post-content-text\">\n\t\t\t\t\t\t\t\t\t\t\t\t<h3 class=\"blog-title\"><a href=\"https:\/\/birilloangel.hu\/birilloangel\/?blog_post=edesitoszer-aszpartam\" rel=\"bookmark\">Mesters\u00e9ges \u00e9des\u00edt\u0151szer- Aszpart\u00e1m 2. r\u00e9sz<\/a><\/h3>\n\t\t\t\t\t\t\t\t\t\t\t\t<div class=\"blog-content-excerpt\">\n\t\t\t\t\t\t\t\t\t\t\t\t\t\t\t<p class=\"blog-short-content\">Cikk\u00fcnk folytat\u00f3dik\u2026. Az els\u0151 r\u00e9szben a nagyk\u00f6rben haszn\u00e1lt aszpart\u00e1m, mint mesters\u00e9ges \u00e9des\u00edt\u0151szert \u00e9s a jelenlegi tudom\u00e1nyos \u00e1ll\u00e1spontj\u00e1r\u00f3l \u00edrtunk. A WHO&#8230;<\/p>\n\t\t\t\t\t\t\t\t<a href=\"https:\/\/birilloangel.hu\/birilloangel\/?blog_post=edesitoszer-aszpartam\" class=\"blog-more-link\"> Read More<\/a>\n\t\t\t\t\t\t\t\t\t\t\t\t\t<\/div>\n\t\t\t\t\t\t\t\t\t\t\t<\/div>\n\t\t\t\t<\/div>\n\t\t\t<\/div>\n\t\t<\/div>\n\t\t\t\t<div id=\"post-384\" class=\"blog type-blog blog-clearfix wpbaw-blog-class blog-col-0 has-date no-thumb\">\n\t\t\t<div class=\"blog-inner-wrap-view blog-clearfix\">\n\t\t\t\t\n\t\t\t\t<div class=\"blog-content\">\n\t\t\t\t\t\t\t\t\t\t\t\t<div class=\"blog-author\">\n\t\t\t\t\t\t\t\t\t\t\t\t\t\t\t\t\t<span>\n\t\t\t\t\t\t\t\t\t\tBy <a href=\"https:\/\/birilloangel.hu\/birilloangel\/?author=2\" target=\"_self\">Blogger Birillo<\/a>\n\t\t\t\t\t\t\t\t\t<\/span>\n\t\t\t\t\t\t\t\t \/ szeptember 27, 2023\t\t\t\t\t\t\t<\/div>\n\t\t\t\t\t\t\n\t\t\t\t\t<div class=\"post-content-text\">\n\t\t\t\t\t\t\t\t\t\t\t\t<h3 class=\"blog-title\"><a href=\"https:\/\/birilloangel.hu\/birilloangel\/?blog_post=mesterseges-edesitoszer-karos-vagy-hatekony\" rel=\"bookmark\">A mesters\u00e9ges \u00e9des\u00edt\u0151szer- Aszpartam 1. r\u00e9sz (K\u00e1ros vagy hat\u00e9kony?)<\/a><\/h3>\n\t\t\t\t\t\t\t\t\t\t\t\t<div class=\"blog-content-excerpt\">\n\t\t\t\t\t\t\t\t\t\t\t\t\t\t\t<p class=\"blog-short-content\">Napjainkban egyre t\u00f6bb k\u00e9ts\u00e9g mer\u00fcl fel a fogyaszt\u00f3k k\u00f6r\u00e9ben a mesters\u00e9ges \u00e9des\u00edt\u0151szerek fogyaszt\u00e1s\u00e1r\u00f3l, eg\u00e9szs\u00e9gk\u00e1ros\u00edt\u00f3 hat\u00e1s\u00e1r\u00f3l. Ennek fontoss\u00e1ga a m\u00e9dia h\u00edrek&#8230;<\/p>\n\t\t\t\t\t\t\t\t<a href=\"https:\/\/birilloangel.hu\/birilloangel\/?blog_post=mesterseges-edesitoszer-karos-vagy-hatekony\" class=\"blog-more-link\"> Read More<\/a>\n\t\t\t\t\t\t\t\t\t\t\t\t\t<\/div>\n\t\t\t\t\t\t\t\t\t\t\t<\/div>\n\t\t\t\t<\/div>\n\t\t\t<\/div>\n\t\t<\/div>\n\t\t\t<\/div>\n\t\n\t\t<div class=\"blog_pagination blog-clearfix wpbaw-numeric\">\n\t\t<span aria-current=\"page\" class=\"page-numbers current\">1<\/span>\n<a class=\"page-numbers\" href=\"https:\/\/birilloangel.hu\/birilloangel\/index.php?rest_route=%2Fwp%2Fv2%2Fpages%2F303&#038;paged=2#wpbaw-blog-1\">2<\/a>\n<a class=\"next page-numbers\" href=\"https:\/\/birilloangel.hu\/birilloangel\/index.php?rest_route=%2Fwp%2Fv2%2Fpages%2F303&#038;paged=2#wpbaw-blog-1\">Next &raquo;<\/a>\t<\/div>\n\t<\/div><\/div>\n<\/div>\n\n\n\n<div id=\"wp-block-themeisle-blocks-advanced-column-6002ad01\" class=\"wp-block-themeisle-blocks-advanced-column\"><\/div>\n<\/div><\/div>\n","protected":false},"excerpt":{"rendered":"","protected":false},"author":1,"featured_media":0,"parent":0,"menu_order":0,"comment_status":"closed","ping_status":"closed","template":"","meta":{"_themeisle_gutenberg_block_has_review":false,"footnotes":""},"class_list":["post-303","page","type-page","status-publish","hentry"],"yoast_head":"<!-- This site is optimized with the Yoast SEO plugin v26.6 - https:\/\/yoast.com\/wordpress\/plugins\/seo\/ -->\n<title>Blog - BirilloAngel<\/title>\n<meta name=\"robots\" content=\"index, follow, max-snippet:-1, max-image-preview:large, max-video-preview:-1\" \/>\n<link rel=\"canonical\" href=\"https:\/\/birilloangel.hu\/birilloangel\/?page_id=303\" \/>\n<meta property=\"og:locale\" content=\"hu_HU\" \/>\n<meta property=\"og:type\" content=\"article\" \/>\n<meta property=\"og:title\" content=\"Blog - BirilloAngel\" \/>\n<meta property=\"og:url\" content=\"https:\/\/birilloangel.hu\/birilloangel\/?page_id=303\" \/>\n<meta property=\"og:site_name\" content=\"BirilloAngel\" \/>\n<meta property=\"article:modified_time\" content=\"2023-01-15T19:04:51+00:00\" \/>\n<meta name=\"twitter:card\" content=\"summary_large_image\" \/>\n<script type=\"application\/ld+json\" class=\"yoast-schema-graph\">{\"@context\":\"https:\/\/schema.org\",\"@graph\":[{\"@type\":\"WebPage\",\"@id\":\"https:\/\/birilloangel.hu\/birilloangel\/?page_id=303\",\"url\":\"https:\/\/birilloangel.hu\/birilloangel\/?page_id=303\",\"name\":\"Blog - BirilloAngel\",\"isPartOf\":{\"@id\":\"https:\/\/birilloangel.hu\/birilloangel\/#website\"},\"datePublished\":\"2023-01-09T17:50:21+00:00\",\"dateModified\":\"2023-01-15T19:04:51+00:00\",\"breadcrumb\":{\"@id\":\"https:\/\/birilloangel.hu\/birilloangel\/?page_id=303#breadcrumb\"},\"inLanguage\":\"hu\",\"potentialAction\":[{\"@type\":\"ReadAction\",\"target\":[\"https:\/\/birilloangel.hu\/birilloangel\/?page_id=303\"]}]},{\"@type\":\"BreadcrumbList\",\"@id\":\"https:\/\/birilloangel.hu\/birilloangel\/?page_id=303#breadcrumb\",\"itemListElement\":[{\"@type\":\"ListItem\",\"position\":1,\"name\":\"Kezd\u0151lap\",\"item\":\"https:\/\/birilloangel.hu\/birilloangel\/\"},{\"@type\":\"ListItem\",\"position\":2,\"name\":\"Blog\"}]},{\"@type\":\"WebSite\",\"@id\":\"https:\/\/birilloangel.hu\/birilloangel\/#website\",\"url\":\"https:\/\/birilloangel.hu\/birilloangel\/\",\"name\":\"BirilloAngel\",\"description\":\"otthoni szak\u00e1pol\u00e1s \u2013 betegell\u00e1t\u00e1s szolg\u00e1ltat\u00e1s\",\"publisher\":{\"@id\":\"https:\/\/birilloangel.hu\/birilloangel\/#organization\"},\"potentialAction\":[{\"@type\":\"SearchAction\",\"target\":{\"@type\":\"EntryPoint\",\"urlTemplate\":\"https:\/\/birilloangel.hu\/birilloangel\/?s={search_term_string}\"},\"query-input\":{\"@type\":\"PropertyValueSpecification\",\"valueRequired\":true,\"valueName\":\"search_term_string\"}}],\"inLanguage\":\"hu\"},{\"@type\":\"Organization\",\"@id\":\"https:\/\/birilloangel.hu\/birilloangel\/#organization\",\"name\":\"BirilloAngel\",\"url\":\"https:\/\/birilloangel.hu\/birilloangel\/\",\"logo\":{\"@type\":\"ImageObject\",\"inLanguage\":\"hu\",\"@id\":\"https:\/\/birilloangel.hu\/birilloangel\/#\/schema\/logo\/image\/\",\"url\":\"https:\/\/birilloangel.hu\/birilloangel\/wp-content\/uploads\/2022\/11\/cropped-BA_logo4website.jpg\",\"contentUrl\":\"https:\/\/birilloangel.hu\/birilloangel\/wp-content\/uploads\/2022\/11\/cropped-BA_logo4website.jpg\",\"width\":200,\"height\":200,\"caption\":\"BirilloAngel\"},\"image\":{\"@id\":\"https:\/\/birilloangel.hu\/birilloangel\/#\/schema\/logo\/image\/\"}}]}<\/script>\n<!-- \/ Yoast SEO plugin. -->","yoast_head_json":{"title":"Blog - BirilloAngel","robots":{"index":"index","follow":"follow","max-snippet":"max-snippet:-1","max-image-preview":"max-image-preview:large","max-video-preview":"max-video-preview:-1"},"canonical":"https:\/\/birilloangel.hu\/birilloangel\/?page_id=303","og_locale":"hu_HU","og_type":"article","og_title":"Blog - BirilloAngel","og_url":"https:\/\/birilloangel.hu\/birilloangel\/?page_id=303","og_site_name":"BirilloAngel","article_modified_time":"2023-01-15T19:04:51+00:00","twitter_card":"summary_large_image","schema":{"@context":"https:\/\/schema.org","@graph":[{"@type":"WebPage","@id":"https:\/\/birilloangel.hu\/birilloangel\/?page_id=303","url":"https:\/\/birilloangel.hu\/birilloangel\/?page_id=303","name":"Blog - BirilloAngel","isPartOf":{"@id":"https:\/\/birilloangel.hu\/birilloangel\/#website"},"datePublished":"2023-01-09T17:50:21+00:00","dateModified":"2023-01-15T19:04:51+00:00","breadcrumb":{"@id":"https:\/\/birilloangel.hu\/birilloangel\/?page_id=303#breadcrumb"},"inLanguage":"hu","potentialAction":[{"@type":"ReadAction","target":["https:\/\/birilloangel.hu\/birilloangel\/?page_id=303"]}]},{"@type":"BreadcrumbList","@id":"https:\/\/birilloangel.hu\/birilloangel\/?page_id=303#breadcrumb","itemListElement":[{"@type":"ListItem","position":1,"name":"Kezd\u0151lap","item":"https:\/\/birilloangel.hu\/birilloangel\/"},{"@type":"ListItem","position":2,"name":"Blog"}]},{"@type":"WebSite","@id":"https:\/\/birilloangel.hu\/birilloangel\/#website","url":"https:\/\/birilloangel.hu\/birilloangel\/","name":"BirilloAngel","description":"otthoni szak\u00e1pol\u00e1s \u2013 betegell\u00e1t\u00e1s szolg\u00e1ltat\u00e1s","publisher":{"@id":"https:\/\/birilloangel.hu\/birilloangel\/#organization"},"potentialAction":[{"@type":"SearchAction","target":{"@type":"EntryPoint","urlTemplate":"https:\/\/birilloangel.hu\/birilloangel\/?s={search_term_string}"},"query-input":{"@type":"PropertyValueSpecification","valueRequired":true,"valueName":"search_term_string"}}],"inLanguage":"hu"},{"@type":"Organization","@id":"https:\/\/birilloangel.hu\/birilloangel\/#organization","name":"BirilloAngel","url":"https:\/\/birilloangel.hu\/birilloangel\/","logo":{"@type":"ImageObject","inLanguage":"hu","@id":"https:\/\/birilloangel.hu\/birilloangel\/#\/schema\/logo\/image\/","url":"https:\/\/birilloangel.hu\/birilloangel\/wp-content\/uploads\/2022\/11\/cropped-BA_logo4website.jpg","contentUrl":"https:\/\/birilloangel.hu\/birilloangel\/wp-content\/uploads\/2022\/11\/cropped-BA_logo4website.jpg","width":200,"height":200,"caption":"BirilloAngel"},"image":{"@id":"https:\/\/birilloangel.hu\/birilloangel\/#\/schema\/logo\/image\/"}}]}},"_links":{"self":[{"href":"https:\/\/birilloangel.hu\/birilloangel\/index.php?rest_route=\/wp\/v2\/pages\/303","targetHints":{"allow":["GET"]}}],"collection":[{"href":"https:\/\/birilloangel.hu\/birilloangel\/index.php?rest_route=\/wp\/v2\/pages"}],"about":[{"href":"https:\/\/birilloangel.hu\/birilloangel\/index.php?rest_route=\/wp\/v2\/types\/page"}],"author":[{"embeddable":true,"href":"https:\/\/birilloangel.hu\/birilloangel\/index.php?rest_route=\/wp\/v2\/users\/1"}],"replies":[{"embeddable":true,"href":"https:\/\/birilloangel.hu\/birilloangel\/index.php?rest_route=%2Fwp%2Fv2%2Fcomments&post=303"}],"version-history":[{"count":10,"href":"https:\/\/birilloangel.hu\/birilloangel\/index.php?rest_route=\/wp\/v2\/pages\/303\/revisions"}],"predecessor-version":[{"id":442,"href":"https:\/\/birilloangel.hu\/birilloangel\/index.php?rest_route=\/wp\/v2\/pages\/303\/revisions\/442"}],"wp:attachment":[{"href":"https:\/\/birilloangel.hu\/birilloangel\/index.php?rest_route=%2Fwp%2Fv2%2Fmedia&parent=303"}],"curies":[{"name":"wp","href":"https:\/\/api.w.org\/{rel}","templated":true}]}}