{"id":3,"date":"2022-09-21T19:07:37","date_gmt":"2022-09-21T19:07:37","guid":{"rendered":"https:\/\/birilloangel.hu\/birilloangel\/?page_id=3"},"modified":"2022-10-16T20:28:58","modified_gmt":"2022-10-16T20:28:58","slug":"privacy-policy","status":"publish","type":"page","link":"https:\/\/birilloangel.hu\/birilloangel\/?page_id=3","title":{"rendered":"Impresszum"},"content":{"rendered":"\n<p><strong>C\u00e9gn\u00e9v:<\/strong> Birillo Zoo Kft \u2013 BirilloAngel Otthoni Szak\u00e1pol\u00e1s \u00e9s Beteg\u00e1pol\u00e1si Szolg\u00e1lat<\/p>\n\n\n\n<p><strong>Sz\u00e9khely:<\/strong> 1182.Budapest, T\u00f6r\u00f6k B\u00e1lint utca 13.A<\/p>\n\n\n\n<p><strong>Levelez\u00e9si c\u00edm<\/strong>: 1182.Budapest, T\u00f6r\u00f6k B\u00e1lint utca 13.A<\/p>\n\n\n\n<p><strong>Telefonsz\u00e1m:<\/strong> +36 20&nbsp;412 2992, 06204140860<\/p>\n\n\n\n<p><strong>Web oldal:<\/strong> www.birilloangel.hu<\/p>\n\n\n\n<p><strong>E-mail:<\/strong> szakapolas@birilloangel.hu<\/p>\n\n\n\n<p><strong>Ad\u00f3sz\u00e1m:<\/strong> 25739992-2-43<\/p>\n\n\n\n<p><strong>C\u00e9gjegyz\u00e9ksz\u00e1m:<\/strong>01-09-286601<\/p>\n\n\n\n<p><strong>C\u00e9gbejegyz\u00e9st v\u00e9gz\u0151 hat\u00f3s\u00e1g:<\/strong> F\u0151v\u00e1rosi T\u00f6rv\u00e9nysz\u00e9k C\u00e9gb\u00edr\u00f3s\u00e1ga<\/p>\n\n\n\n<p><strong>Enged\u00e9lyeztet\u0151 hat\u00f3s\u00e1g:<\/strong> Budapest F\u0151v\u00e1ros Korm\u00e1nyhivatal X. ker\u00fclet Hivatala<\/p>\n\n\n\n<p>N\u00e9peg\u00e9szs\u00e9g\u00fcgyi Oszt\u00e1ly &#8211; 1107&nbsp;Budapest, Fokos utca 5-7. Tel.: 06-1-296-02-65<\/p>\n\n\n\n<p><strong>M\u0171k\u00f6d\u00e9si enged\u00e9ly sz\u00e1m: <\/strong>BP-10\/NEO\/36023-2\/2022&nbsp;&nbsp;&nbsp;&nbsp;&nbsp;&nbsp;&nbsp;&nbsp;&nbsp;&nbsp;&nbsp;&nbsp;&nbsp;&nbsp;&nbsp;&nbsp; &nbsp;&nbsp;&nbsp;&nbsp;&nbsp;&nbsp;&nbsp;&nbsp;&nbsp;&nbsp;&nbsp;&nbsp;&nbsp;&nbsp;&nbsp;&nbsp;&nbsp;&nbsp;&nbsp;&nbsp;&nbsp;&nbsp;&nbsp;&nbsp;<\/p>\n\n\n\n<p><strong>Felel\u0151ss\u00e9g biztos\u00edt\u00e1si k\u00f6tv\u00e9nysz\u00e1m:<\/strong> 9566004559617800 &#8211; Generali Biztos\u00edt\u00f3<\/p>\n\n\n\n<p><strong>T\u00e1rhely szolg\u00e1ltat\u00f3 adatai:<\/strong> 23VNet Kft-hostit.hu \u2013 1132.&nbsp;Budapest, Victor Hugo u. 18.<\/p>\n\n\n\n<p>&#8211; Szolg\u00e1ltat\u00e1si ter\u00fclet<\/p>\n\n\n\n<p>Budapest \u00e9s Pest megye<\/p>\n","protected":false},"excerpt":{"rendered":"<p>C\u00e9gn\u00e9v: Birillo Zoo Kft \u2013 BirilloAngel Otthoni Szak\u00e1pol\u00e1s \u00e9s Beteg\u00e1pol\u00e1si Szolg\u00e1lat Sz\u00e9khely: 1182.Budapest, T\u00f6r\u00f6k B\u00e1lint utca 13.A Levelez\u00e9si c\u00edm: 1182.Budapest, T\u00f6r\u00f6k B\u00e1lint utca 13.A Telefonsz\u00e1m: +36 20&nbsp;412 2992, 06204140860 Web &hellip; <\/p>\n","protected":false},"author":1,"featured_media":0,"parent":0,"menu_order":0,"comment_status":"closed","ping_status":"open","template":"","meta":{"_themeisle_gutenberg_block_has_review":false,"footnotes":""},"class_list":["post-3","page","type-page","status-publish","hentry"],"yoast_head":"<!-- This site is optimized with the Yoast SEO plugin v26.6 - https:\/\/yoast.com\/wordpress\/plugins\/seo\/ -->\n<title>Impresszum - BirilloAngel<\/title>\n<meta name=\"robots\" content=\"index, follow, max-snippet:-1, max-image-preview:large, max-video-preview:-1\" \/>\n<link rel=\"canonical\" href=\"https:\/\/birilloangel.hu\/birilloangel\/?page_id=3\" \/>\n<meta property=\"og:locale\" content=\"hu_HU\" \/>\n<meta property=\"og:type\" content=\"article\" \/>\n<meta property=\"og:title\" content=\"Impresszum - BirilloAngel\" \/>\n<meta property=\"og:description\" content=\"C\u00e9gn\u00e9v: Birillo Zoo Kft \u2013 BirilloAngel Otthoni Szak\u00e1pol\u00e1s \u00e9s Beteg\u00e1pol\u00e1si Szolg\u00e1lat Sz\u00e9khely: 1182.Budapest, T\u00f6r\u00f6k B\u00e1lint utca 13.A Levelez\u00e9si c\u00edm: 1182.Budapest, T\u00f6r\u00f6k B\u00e1lint utca 13.A Telefonsz\u00e1m: +36 20&nbsp;412 2992, 06204140860 Web &hellip;\" \/>\n<meta property=\"og:url\" content=\"https:\/\/birilloangel.hu\/birilloangel\/?page_id=3\" \/>\n<meta property=\"og:site_name\" content=\"BirilloAngel\" \/>\n<meta property=\"article:modified_time\" content=\"2022-10-16T20:28:58+00:00\" \/>\n<meta name=\"twitter:card\" content=\"summary_large_image\" \/>\n<meta name=\"twitter:label1\" content=\"Becs\u00fclt olvas\u00e1si id\u0151\" \/>\n\t<meta name=\"twitter:data1\" content=\"1 perc\" \/>\n<script type=\"application\/ld+json\" class=\"yoast-schema-graph\">{\"@context\":\"https:\/\/schema.org\",\"@graph\":[{\"@type\":\"WebPage\",\"@id\":\"https:\/\/birilloangel.hu\/birilloangel\/?page_id=3\",\"url\":\"https:\/\/birilloangel.hu\/birilloangel\/?page_id=3\",\"name\":\"Impresszum - BirilloAngel\",\"isPartOf\":{\"@id\":\"https:\/\/birilloangel.hu\/birilloangel\/#website\"},\"datePublished\":\"2022-09-21T19:07:37+00:00\",\"dateModified\":\"2022-10-16T20:28:58+00:00\",\"breadcrumb\":{\"@id\":\"https:\/\/birilloangel.hu\/birilloangel\/?page_id=3#breadcrumb\"},\"inLanguage\":\"hu\",\"potentialAction\":[{\"@type\":\"ReadAction\",\"target\":[\"https:\/\/birilloangel.hu\/birilloangel\/?page_id=3\"]}]},{\"@type\":\"BreadcrumbList\",\"@id\":\"https:\/\/birilloangel.hu\/birilloangel\/?page_id=3#breadcrumb\",\"itemListElement\":[{\"@type\":\"ListItem\",\"position\":1,\"name\":\"Kezd\u0151lap\",\"item\":\"https:\/\/birilloangel.hu\/birilloangel\/\"},{\"@type\":\"ListItem\",\"position\":2,\"name\":\"Impresszum\"}]},{\"@type\":\"WebSite\",\"@id\":\"https:\/\/birilloangel.hu\/birilloangel\/#website\",\"url\":\"https:\/\/birilloangel.hu\/birilloangel\/\",\"name\":\"BirilloAngel\",\"description\":\"otthoni szak\u00e1pol\u00e1s \u2013 betegell\u00e1t\u00e1s szolg\u00e1ltat\u00e1s\",\"publisher\":{\"@id\":\"https:\/\/birilloangel.hu\/birilloangel\/#organization\"},\"potentialAction\":[{\"@type\":\"SearchAction\",\"target\":{\"@type\":\"EntryPoint\",\"urlTemplate\":\"https:\/\/birilloangel.hu\/birilloangel\/?s={search_term_string}\"},\"query-input\":{\"@type\":\"PropertyValueSpecification\",\"valueRequired\":true,\"valueName\":\"search_term_string\"}}],\"inLanguage\":\"hu\"},{\"@type\":\"Organization\",\"@id\":\"https:\/\/birilloangel.hu\/birilloangel\/#organization\",\"name\":\"BirilloAngel\",\"url\":\"https:\/\/birilloangel.hu\/birilloangel\/\",\"logo\":{\"@type\":\"ImageObject\",\"inLanguage\":\"hu\",\"@id\":\"https:\/\/birilloangel.hu\/birilloangel\/#\/schema\/logo\/image\/\",\"url\":\"https:\/\/birilloangel.hu\/birilloangel\/wp-content\/uploads\/2022\/11\/cropped-BA_logo4website.jpg\",\"contentUrl\":\"https:\/\/birilloangel.hu\/birilloangel\/wp-content\/uploads\/2022\/11\/cropped-BA_logo4website.jpg\",\"width\":200,\"height\":200,\"caption\":\"BirilloAngel\"},\"image\":{\"@id\":\"https:\/\/birilloangel.hu\/birilloangel\/#\/schema\/logo\/image\/\"}}]}<\/script>\n<!-- \/ Yoast SEO plugin. -->","yoast_head_json":{"title":"Impresszum - BirilloAngel","robots":{"index":"index","follow":"follow","max-snippet":"max-snippet:-1","max-image-preview":"max-image-preview:large","max-video-preview":"max-video-preview:-1"},"canonical":"https:\/\/birilloangel.hu\/birilloangel\/?page_id=3","og_locale":"hu_HU","og_type":"article","og_title":"Impresszum - BirilloAngel","og_description":"C\u00e9gn\u00e9v: Birillo Zoo Kft \u2013 BirilloAngel Otthoni Szak\u00e1pol\u00e1s \u00e9s Beteg\u00e1pol\u00e1si Szolg\u00e1lat Sz\u00e9khely: 1182.Budapest, T\u00f6r\u00f6k B\u00e1lint utca 13.A Levelez\u00e9si c\u00edm: 1182.Budapest, T\u00f6r\u00f6k B\u00e1lint utca 13.A Telefonsz\u00e1m: +36 20&nbsp;412 2992, 06204140860 Web &hellip;","og_url":"https:\/\/birilloangel.hu\/birilloangel\/?page_id=3","og_site_name":"BirilloAngel","article_modified_time":"2022-10-16T20:28:58+00:00","twitter_card":"summary_large_image","twitter_misc":{"Becs\u00fclt olvas\u00e1si id\u0151":"1 perc"},"schema":{"@context":"https:\/\/schema.org","@graph":[{"@type":"WebPage","@id":"https:\/\/birilloangel.hu\/birilloangel\/?page_id=3","url":"https:\/\/birilloangel.hu\/birilloangel\/?page_id=3","name":"Impresszum - BirilloAngel","isPartOf":{"@id":"https:\/\/birilloangel.hu\/birilloangel\/#website"},"datePublished":"2022-09-21T19:07:37+00:00","dateModified":"2022-10-16T20:28:58+00:00","breadcrumb":{"@id":"https:\/\/birilloangel.hu\/birilloangel\/?page_id=3#breadcrumb"},"inLanguage":"hu","potentialAction":[{"@type":"ReadAction","target":["https:\/\/birilloangel.hu\/birilloangel\/?page_id=3"]}]},{"@type":"BreadcrumbList","@id":"https:\/\/birilloangel.hu\/birilloangel\/?page_id=3#breadcrumb","itemListElement":[{"@type":"ListItem","position":1,"name":"Kezd\u0151lap","item":"https:\/\/birilloangel.hu\/birilloangel\/"},{"@type":"ListItem","position":2,"name":"Impresszum"}]},{"@type":"WebSite","@id":"https:\/\/birilloangel.hu\/birilloangel\/#website","url":"https:\/\/birilloangel.hu\/birilloangel\/","name":"BirilloAngel","description":"otthoni szak\u00e1pol\u00e1s \u2013 betegell\u00e1t\u00e1s szolg\u00e1ltat\u00e1s","publisher":{"@id":"https:\/\/birilloangel.hu\/birilloangel\/#organization"},"potentialAction":[{"@type":"SearchAction","target":{"@type":"EntryPoint","urlTemplate":"https:\/\/birilloangel.hu\/birilloangel\/?s={search_term_string}"},"query-input":{"@type":"PropertyValueSpecification","valueRequired":true,"valueName":"search_term_string"}}],"inLanguage":"hu"},{"@type":"Organization","@id":"https:\/\/birilloangel.hu\/birilloangel\/#organization","name":"BirilloAngel","url":"https:\/\/birilloangel.hu\/birilloangel\/","logo":{"@type":"ImageObject","inLanguage":"hu","@id":"https:\/\/birilloangel.hu\/birilloangel\/#\/schema\/logo\/image\/","url":"https:\/\/birilloangel.hu\/birilloangel\/wp-content\/uploads\/2022\/11\/cropped-BA_logo4website.jpg","contentUrl":"https:\/\/birilloangel.hu\/birilloangel\/wp-content\/uploads\/2022\/11\/cropped-BA_logo4website.jpg","width":200,"height":200,"caption":"BirilloAngel"},"image":{"@id":"https:\/\/birilloangel.hu\/birilloangel\/#\/schema\/logo\/image\/"}}]}},"_links":{"self":[{"href":"https:\/\/birilloangel.hu\/birilloangel\/index.php?rest_route=\/wp\/v2\/pages\/3","targetHints":{"allow":["GET"]}}],"collection":[{"href":"https:\/\/birilloangel.hu\/birilloangel\/index.php?rest_route=\/wp\/v2\/pages"}],"about":[{"href":"https:\/\/birilloangel.hu\/birilloangel\/index.php?rest_route=\/wp\/v2\/types\/page"}],"author":[{"embeddable":true,"href":"https:\/\/birilloangel.hu\/birilloangel\/index.php?rest_route=\/wp\/v2\/users\/1"}],"replies":[{"embeddable":true,"href":"https:\/\/birilloangel.hu\/birilloangel\/index.php?rest_route=%2Fwp%2Fv2%2Fcomments&post=3"}],"version-history":[{"count":1,"href":"https:\/\/birilloangel.hu\/birilloangel\/index.php?rest_route=\/wp\/v2\/pages\/3\/revisions"}],"predecessor-version":[{"id":58,"href":"https:\/\/birilloangel.hu\/birilloangel\/index.php?rest_route=\/wp\/v2\/pages\/3\/revisions\/58"}],"wp:attachment":[{"href":"https:\/\/birilloangel.hu\/birilloangel\/index.php?rest_route=%2Fwp%2Fv2%2Fmedia&parent=3"}],"curies":[{"name":"wp","href":"https:\/\/api.w.org\/{rel}","templated":true}]}}