{"id":2,"date":"2022-09-21T19:07:37","date_gmt":"2022-09-21T19:07:37","guid":{"rendered":"https:\/\/birilloangel.hu\/birilloangel\/?page_id=2"},"modified":"2025-04-09T17:48:20","modified_gmt":"2025-04-09T17:48:20","slug":"about-us-ottoni-szakapolas-betegellatas","status":"publish","type":"page","link":"https:\/\/birilloangel.hu\/birilloangel\/","title":{"rendered":"Bemutatkoz\u00e1s"},"content":{"rendered":"<div class=\"wp-block-image\">\n<figure class=\"aligncenter size-large is-resized\"><img loading=\"lazy\" decoding=\"async\" src=\"https:\/\/birilloangel.hu\/birilloangel\/wp-content\/uploads\/2022\/10\/BA_Design1024_1-1024x1024.jpg\" alt=\"\" class=\"wp-image-35\" width=\"262\" height=\"262\" srcset=\"https:\/\/birilloangel.hu\/birilloangel\/wp-content\/uploads\/2022\/10\/BA_Design1024_1.jpg 1024w, https:\/\/birilloangel.hu\/birilloangel\/wp-content\/uploads\/2022\/10\/BA_Design1024_1-300x300.jpg 300w, https:\/\/birilloangel.hu\/birilloangel\/wp-content\/uploads\/2022\/10\/BA_Design1024_1-150x150.jpg 150w, https:\/\/birilloangel.hu\/birilloangel\/wp-content\/uploads\/2022\/10\/BA_Design1024_1-768x768.jpg 768w, https:\/\/birilloangel.hu\/birilloangel\/wp-content\/uploads\/2022\/10\/BA_Design1024_1-60x60.jpg 60w\" sizes=\"auto, (max-width: 262px) 100vw, 262px\" \/><\/figure>\n<\/div>\n\n\n<p>A BirilloAngel otthoni szak\u00e1pol\u00e1s \u2013betegell\u00e1t\u00e1s szolg\u00e1ltat\u00e1s l\u00e9trej\u00f6tt\u00e9nek c\u00e9lja, hogy azon betegeknek seg\u00edts\u00fcnk, akiknek k\u00f3rh\u00e1zi ell\u00e1t\u00e1suk nem indokolt \u00e9s otthonukban k\u00edv\u00e1nnak gy\u00f3gyulni, rehabilit\u00e1l\u00f3dni, gy\u00f3gyulni.<\/p>\n\n\n\n<blockquote class=\"wp-block-quote animated bounceIn delay-2s slower is-layout-flow wp-block-quote-is-layout-flow\">\n<p>C\u00e9lunk a korl\u00e1tozott csal\u00e1di seg\u00edts\u00e9ggel rendelkez\u0151 vagy seg\u00edts\u00e9g n\u00e9lk\u00fcli betegek \u00e9s id\u0151s emberek gondoz\u00e1sa, ell\u00e1t\u00e1sa.<\/p>\n<\/blockquote>\n\n\n\n<p>Minden beteg ember arra v\u00e1gyik, hogy mihamarabb haza t\u00e9rhessen a k\u00f3rh\u00e1zb\u00f3l, hiszen m\u00e1r puszt\u00e1n az otthonl\u00e9t t\u00e9nye is gy\u00f3gy\u00edt! Sajnos napjaink rohan\u00f3 \u00e9letm\u00f3dja keveseknek adja meg azt, hogy szeretteiket otthon \u00e1polhass\u00e1k. Mi ebben szeretn\u00e9nk seg\u00edts\u00e9get ny\u00fajtani.<\/p>\n\n\n\n<p><strong>C\u00e9lunk<\/strong><strong><\/strong><\/p>\n\n\n\n<p>Amikor \u00e1pol\u00e1sr\u00f3l besz\u00e9l\u00fcnk, akkor sokakban az a k\u00e9p jelenik meg, hogy a beteg embert egy \u00e1pol\u00f3 seg\u00edti bizonyos tev\u00e9kenys\u00e9gei elv\u00e9gz\u00e9s\u00e9ben. Pedig k\u00f6zelr\u0151l sem csak fizikai seg\u00edts\u00e9gny\u00fajt\u00e1sr\u00f3l van sz\u00f3. Az egy\u00e9nre szabott \u00e1pol\u00e1s sor\u00e1n a beteg testi, lelki \u00e9s k\u00f6rnyezeti t\u00e9nyez\u0151it figyelembe v\u00e9ve tudatosan megszervezett l\u00e9p\u00e9sek sor\u00e1n jutunk el a gy\u00f3gyul\u00e1shoz vagy az \u00e9letmin\u0151s\u00e9g jav\u00edt\u00e1s\u00e1hoz. Minden ember m\u00e1s \u00e9s m\u00e1s, mint ahogy nincs k\u00e9t egyforma csal\u00e1d sem \u00e9s a k\u00f6rnyezet\u00fcnk is elt\u00e9r\u0151, ez\u00e9rt mindezek felm\u00e9r\u00e9s\u00e9t k\u00f6vet\u0151en olyan c\u00e9lokat t\u0171z\u00fcnk ki, mely az adott k\u00f6r\u00fclm\u00e9nyek k\u00f6z\u00f6tt val\u00f3ban el\u00e9rhet\u0151. A c\u00e9lok kit\u0171z\u00e9se az \u00e1pol\u00f3 feladata de annak el\u00e9r\u00e9se elk\u00e9pzelhetetlen a beteg \u00e9s a csal\u00e1d egy\u00fcttm\u0171k\u00f6d\u00e9se n\u00e9lk\u00fcl, ez\u00e9rt m\u00e1r a c\u00e9lok megfogalmaz\u00e1sa is k\u00f6z\u00f6s feladat. <strong>Ez\u00e9rt megszokott otthoni k\u00f6rnyezetben a csal\u00e1d szeret\u0151 k\u00f6zels\u00e9g\u00e9ben v\u00e9gezz\u00fck el azon szem\u00e9lyre szabott szak\u00e1pol\u00e1si \u2013 \u00e1pol\u00e1si feladatokat, melyek \u00e1ltal r\u00f6vid\u00fcl a l\u00e1badoz\u00e1si illetve a gy\u00f3gyul\u00e1si id\u0151.<\/strong><\/p>\n\n\n<div class=\"wp-block-image\">\n<figure class=\"aligncenter size-large is-resized\"><img loading=\"lazy\" decoding=\"async\" src=\"https:\/\/birilloangel.hu\/birilloangel\/wp-content\/uploads\/2022\/10\/BA_Design1024_1-1024x1024.jpg\" alt=\"\" class=\"wp-image-35\" width=\"262\" height=\"262\" srcset=\"https:\/\/birilloangel.hu\/birilloangel\/wp-content\/uploads\/2022\/10\/BA_Design1024_1.jpg 1024w, https:\/\/birilloangel.hu\/birilloangel\/wp-content\/uploads\/2022\/10\/BA_Design1024_1-300x300.jpg 300w, https:\/\/birilloangel.hu\/birilloangel\/wp-content\/uploads\/2022\/10\/BA_Design1024_1-150x150.jpg 150w, https:\/\/birilloangel.hu\/birilloangel\/wp-content\/uploads\/2022\/10\/BA_Design1024_1-768x768.jpg 768w, https:\/\/birilloangel.hu\/birilloangel\/wp-content\/uploads\/2022\/10\/BA_Design1024_1-60x60.jpg 60w\" sizes=\"auto, (max-width: 262px) 100vw, 262px\" \/><\/figure>\n<\/div>","protected":false},"excerpt":{"rendered":"<p>A BirilloAngel otthoni szak\u00e1pol\u00e1s \u2013betegell\u00e1t\u00e1s szolg\u00e1ltat\u00e1s l\u00e9trej\u00f6tt\u00e9nek c\u00e9lja, hogy azon betegeknek seg\u00edts\u00fcnk, akiknek k\u00f3rh\u00e1zi ell\u00e1t\u00e1suk nem indokolt \u00e9s otthonukban k\u00edv\u00e1nnak gy\u00f3gyulni, rehabilit\u00e1l\u00f3dni, gy\u00f3gyulni. C\u00e9lunk a korl\u00e1tozott csal\u00e1di seg\u00edts\u00e9ggel rendelkez\u0151 vagy &hellip; <\/p>\n","protected":false},"author":1,"featured_media":0,"parent":0,"menu_order":0,"comment_status":"closed","ping_status":"closed","template":"","meta":{"_themeisle_gutenberg_block_has_review":false,"footnotes":""},"class_list":["post-2","page","type-page","status-publish","hentry"],"yoast_head":"<!-- This site is optimized with the Yoast SEO plugin v26.6 - https:\/\/yoast.com\/wordpress\/plugins\/seo\/ -->\n<title>Bemutatkoz\u00e1s - BirilloAngel<\/title>\n<meta name=\"description\" content=\"BirilloAngel otthoni szak\u00e1pol\u00e1s \u00e9s betegell\u00e1t\u00e1s szolg\u00e1ltat\u00e1s. Betegek otthoni k\u00f6rnyezetben \u00e1pol\u00e1sa, gondoz\u00e1sa.\" \/>\n<meta name=\"robots\" content=\"index, follow, max-snippet:-1, max-image-preview:large, max-video-preview:-1\" \/>\n<link rel=\"canonical\" href=\"https:\/\/birilloangel.hu\/birilloangel\/\" \/>\n<meta property=\"og:locale\" content=\"hu_HU\" \/>\n<meta property=\"og:type\" content=\"article\" \/>\n<meta property=\"og:title\" content=\"Bemutatkoz\u00e1s - BirilloAngel\" \/>\n<meta property=\"og:description\" content=\"BirilloAngel otthoni szak\u00e1pol\u00e1s \u00e9s betegell\u00e1t\u00e1s szolg\u00e1ltat\u00e1s. Betegek otthoni k\u00f6rnyezetben \u00e1pol\u00e1sa, gondoz\u00e1sa.\" \/>\n<meta property=\"og:url\" content=\"https:\/\/birilloangel.hu\/birilloangel\/\" \/>\n<meta property=\"og:site_name\" content=\"BirilloAngel\" \/>\n<meta property=\"article:modified_time\" content=\"2025-04-09T17:48:20+00:00\" \/>\n<meta property=\"og:image\" content=\"https:\/\/birilloangel.hu\/birilloangel\/wp-content\/uploads\/2022\/10\/BA_Design1024_1-1024x1024.jpg\" \/>\n<meta name=\"twitter:card\" content=\"summary_large_image\" \/>\n<meta name=\"twitter:label1\" content=\"Becs\u00fclt olvas\u00e1si id\u0151\" \/>\n\t<meta name=\"twitter:data1\" content=\"2 perc\" \/>\n<script type=\"application\/ld+json\" class=\"yoast-schema-graph\">{\"@context\":\"https:\/\/schema.org\",\"@graph\":[{\"@type\":\"WebPage\",\"@id\":\"https:\/\/birilloangel.hu\/birilloangel\/\",\"url\":\"https:\/\/birilloangel.hu\/birilloangel\/\",\"name\":\"Bemutatkoz\u00e1s - BirilloAngel\",\"isPartOf\":{\"@id\":\"https:\/\/birilloangel.hu\/birilloangel\/#website\"},\"primaryImageOfPage\":{\"@id\":\"https:\/\/birilloangel.hu\/birilloangel\/#primaryimage\"},\"image\":{\"@id\":\"https:\/\/birilloangel.hu\/birilloangel\/#primaryimage\"},\"thumbnailUrl\":\"https:\/\/birilloangel.hu\/birilloangel\/wp-content\/uploads\/2022\/10\/BA_Design1024_1-1024x1024.jpg\",\"datePublished\":\"2022-09-21T19:07:37+00:00\",\"dateModified\":\"2025-04-09T17:48:20+00:00\",\"description\":\"BirilloAngel otthoni szak\u00e1pol\u00e1s \u00e9s betegell\u00e1t\u00e1s szolg\u00e1ltat\u00e1s. Betegek otthoni k\u00f6rnyezetben \u00e1pol\u00e1sa, gondoz\u00e1sa.\",\"breadcrumb\":{\"@id\":\"https:\/\/birilloangel.hu\/birilloangel\/#breadcrumb\"},\"inLanguage\":\"hu\",\"potentialAction\":[{\"@type\":\"ReadAction\",\"target\":[\"https:\/\/birilloangel.hu\/birilloangel\/\"]}]},{\"@type\":\"ImageObject\",\"inLanguage\":\"hu\",\"@id\":\"https:\/\/birilloangel.hu\/birilloangel\/#primaryimage\",\"url\":\"https:\/\/birilloangel.hu\/birilloangel\/wp-content\/uploads\/2022\/10\/BA_Design1024_1.jpg\",\"contentUrl\":\"https:\/\/birilloangel.hu\/birilloangel\/wp-content\/uploads\/2022\/10\/BA_Design1024_1.jpg\",\"width\":1024,\"height\":1024},{\"@type\":\"BreadcrumbList\",\"@id\":\"https:\/\/birilloangel.hu\/birilloangel\/#breadcrumb\",\"itemListElement\":[{\"@type\":\"ListItem\",\"position\":1,\"name\":\"Kezd\u0151lap\",\"item\":\"https:\/\/birilloangel.hu\/birilloangel\/\"},{\"@type\":\"ListItem\",\"position\":2,\"name\":\"Bemutatkoz\u00e1s\"}]},{\"@type\":\"WebSite\",\"@id\":\"https:\/\/birilloangel.hu\/birilloangel\/#website\",\"url\":\"https:\/\/birilloangel.hu\/birilloangel\/\",\"name\":\"BirilloAngel\",\"description\":\"otthoni szak\u00e1pol\u00e1s \u2013 betegell\u00e1t\u00e1s szolg\u00e1ltat\u00e1s\",\"publisher\":{\"@id\":\"https:\/\/birilloangel.hu\/birilloangel\/#organization\"},\"potentialAction\":[{\"@type\":\"SearchAction\",\"target\":{\"@type\":\"EntryPoint\",\"urlTemplate\":\"https:\/\/birilloangel.hu\/birilloangel\/?s={search_term_string}\"},\"query-input\":{\"@type\":\"PropertyValueSpecification\",\"valueRequired\":true,\"valueName\":\"search_term_string\"}}],\"inLanguage\":\"hu\"},{\"@type\":\"Organization\",\"@id\":\"https:\/\/birilloangel.hu\/birilloangel\/#organization\",\"name\":\"BirilloAngel\",\"url\":\"https:\/\/birilloangel.hu\/birilloangel\/\",\"logo\":{\"@type\":\"ImageObject\",\"inLanguage\":\"hu\",\"@id\":\"https:\/\/birilloangel.hu\/birilloangel\/#\/schema\/logo\/image\/\",\"url\":\"https:\/\/birilloangel.hu\/birilloangel\/wp-content\/uploads\/2022\/11\/cropped-BA_logo4website.jpg\",\"contentUrl\":\"https:\/\/birilloangel.hu\/birilloangel\/wp-content\/uploads\/2022\/11\/cropped-BA_logo4website.jpg\",\"width\":200,\"height\":200,\"caption\":\"BirilloAngel\"},\"image\":{\"@id\":\"https:\/\/birilloangel.hu\/birilloangel\/#\/schema\/logo\/image\/\"}}]}<\/script>\n<!-- \/ Yoast SEO plugin. -->","yoast_head_json":{"title":"Bemutatkoz\u00e1s - BirilloAngel","description":"BirilloAngel otthoni szak\u00e1pol\u00e1s \u00e9s betegell\u00e1t\u00e1s szolg\u00e1ltat\u00e1s. Betegek otthoni k\u00f6rnyezetben \u00e1pol\u00e1sa, gondoz\u00e1sa.","robots":{"index":"index","follow":"follow","max-snippet":"max-snippet:-1","max-image-preview":"max-image-preview:large","max-video-preview":"max-video-preview:-1"},"canonical":"https:\/\/birilloangel.hu\/birilloangel\/","og_locale":"hu_HU","og_type":"article","og_title":"Bemutatkoz\u00e1s - BirilloAngel","og_description":"BirilloAngel otthoni szak\u00e1pol\u00e1s \u00e9s betegell\u00e1t\u00e1s szolg\u00e1ltat\u00e1s. Betegek otthoni k\u00f6rnyezetben \u00e1pol\u00e1sa, gondoz\u00e1sa.","og_url":"https:\/\/birilloangel.hu\/birilloangel\/","og_site_name":"BirilloAngel","article_modified_time":"2025-04-09T17:48:20+00:00","og_image":[{"url":"https:\/\/birilloangel.hu\/birilloangel\/wp-content\/uploads\/2022\/10\/BA_Design1024_1-1024x1024.jpg","type":"","width":"","height":""}],"twitter_card":"summary_large_image","twitter_misc":{"Becs\u00fclt olvas\u00e1si id\u0151":"2 perc"},"schema":{"@context":"https:\/\/schema.org","@graph":[{"@type":"WebPage","@id":"https:\/\/birilloangel.hu\/birilloangel\/","url":"https:\/\/birilloangel.hu\/birilloangel\/","name":"Bemutatkoz\u00e1s - BirilloAngel","isPartOf":{"@id":"https:\/\/birilloangel.hu\/birilloangel\/#website"},"primaryImageOfPage":{"@id":"https:\/\/birilloangel.hu\/birilloangel\/#primaryimage"},"image":{"@id":"https:\/\/birilloangel.hu\/birilloangel\/#primaryimage"},"thumbnailUrl":"https:\/\/birilloangel.hu\/birilloangel\/wp-content\/uploads\/2022\/10\/BA_Design1024_1-1024x1024.jpg","datePublished":"2022-09-21T19:07:37+00:00","dateModified":"2025-04-09T17:48:20+00:00","description":"BirilloAngel otthoni szak\u00e1pol\u00e1s \u00e9s betegell\u00e1t\u00e1s szolg\u00e1ltat\u00e1s. Betegek otthoni k\u00f6rnyezetben \u00e1pol\u00e1sa, gondoz\u00e1sa.","breadcrumb":{"@id":"https:\/\/birilloangel.hu\/birilloangel\/#breadcrumb"},"inLanguage":"hu","potentialAction":[{"@type":"ReadAction","target":["https:\/\/birilloangel.hu\/birilloangel\/"]}]},{"@type":"ImageObject","inLanguage":"hu","@id":"https:\/\/birilloangel.hu\/birilloangel\/#primaryimage","url":"https:\/\/birilloangel.hu\/birilloangel\/wp-content\/uploads\/2022\/10\/BA_Design1024_1.jpg","contentUrl":"https:\/\/birilloangel.hu\/birilloangel\/wp-content\/uploads\/2022\/10\/BA_Design1024_1.jpg","width":1024,"height":1024},{"@type":"BreadcrumbList","@id":"https:\/\/birilloangel.hu\/birilloangel\/#breadcrumb","itemListElement":[{"@type":"ListItem","position":1,"name":"Kezd\u0151lap","item":"https:\/\/birilloangel.hu\/birilloangel\/"},{"@type":"ListItem","position":2,"name":"Bemutatkoz\u00e1s"}]},{"@type":"WebSite","@id":"https:\/\/birilloangel.hu\/birilloangel\/#website","url":"https:\/\/birilloangel.hu\/birilloangel\/","name":"BirilloAngel","description":"otthoni szak\u00e1pol\u00e1s \u2013 betegell\u00e1t\u00e1s szolg\u00e1ltat\u00e1s","publisher":{"@id":"https:\/\/birilloangel.hu\/birilloangel\/#organization"},"potentialAction":[{"@type":"SearchAction","target":{"@type":"EntryPoint","urlTemplate":"https:\/\/birilloangel.hu\/birilloangel\/?s={search_term_string}"},"query-input":{"@type":"PropertyValueSpecification","valueRequired":true,"valueName":"search_term_string"}}],"inLanguage":"hu"},{"@type":"Organization","@id":"https:\/\/birilloangel.hu\/birilloangel\/#organization","name":"BirilloAngel","url":"https:\/\/birilloangel.hu\/birilloangel\/","logo":{"@type":"ImageObject","inLanguage":"hu","@id":"https:\/\/birilloangel.hu\/birilloangel\/#\/schema\/logo\/image\/","url":"https:\/\/birilloangel.hu\/birilloangel\/wp-content\/uploads\/2022\/11\/cropped-BA_logo4website.jpg","contentUrl":"https:\/\/birilloangel.hu\/birilloangel\/wp-content\/uploads\/2022\/11\/cropped-BA_logo4website.jpg","width":200,"height":200,"caption":"BirilloAngel"},"image":{"@id":"https:\/\/birilloangel.hu\/birilloangel\/#\/schema\/logo\/image\/"}}]}},"_links":{"self":[{"href":"https:\/\/birilloangel.hu\/birilloangel\/index.php?rest_route=\/wp\/v2\/pages\/2","targetHints":{"allow":["GET"]}}],"collection":[{"href":"https:\/\/birilloangel.hu\/birilloangel\/index.php?rest_route=\/wp\/v2\/pages"}],"about":[{"href":"https:\/\/birilloangel.hu\/birilloangel\/index.php?rest_route=\/wp\/v2\/types\/page"}],"author":[{"embeddable":true,"href":"https:\/\/birilloangel.hu\/birilloangel\/index.php?rest_route=\/wp\/v2\/users\/1"}],"replies":[{"embeddable":true,"href":"https:\/\/birilloangel.hu\/birilloangel\/index.php?rest_route=%2Fwp%2Fv2%2Fcomments&post=2"}],"version-history":[{"count":17,"href":"https:\/\/birilloangel.hu\/birilloangel\/index.php?rest_route=\/wp\/v2\/pages\/2\/revisions"}],"predecessor-version":[{"id":238,"href":"https:\/\/birilloangel.hu\/birilloangel\/index.php?rest_route=\/wp\/v2\/pages\/2\/revisions\/238"}],"wp:attachment":[{"href":"https:\/\/birilloangel.hu\/birilloangel\/index.php?rest_route=%2Fwp%2Fv2%2Fmedia&parent=2"}],"curies":[{"name":"wp","href":"https:\/\/api.w.org\/{rel}","templated":true}]}}