{"id":184,"date":"2022-10-19T20:39:08","date_gmt":"2022-10-19T20:39:08","guid":{"rendered":"https:\/\/birilloangel.hu\/birilloangel\/?page_id=184"},"modified":"2025-04-09T17:56:15","modified_gmt":"2025-04-09T17:56:15","slug":"dokumentumok","status":"publish","type":"page","link":"https:\/\/birilloangel.hu\/birilloangel\/?page_id=184","title":{"rendered":"Dokumentumok"},"content":{"rendered":"\n<div id=\"wp-block-themeisle-blocks-advanced-columns-670bf310\" class=\"wp-block-themeisle-blocks-advanced-columns has-1-columns has-desktop-equal-layout has-tablet-equal-layout has-mobile-equal-layout has-vertical-unset\"><div class=\"wp-block-themeisle-blocks-advanced-columns-overlay\"><\/div><div class=\"innerblocks-wrap\">\n<div id=\"wp-block-themeisle-blocks-advanced-column-8d0864da\" class=\"wp-block-themeisle-blocks-advanced-column\">\n<div class=\"wp-block-file ticss-74024c5b\"><a id=\"wp-block-file--media-74024c5b-5445-4cca-bffe-d0b60f3a13e6\" href=\"https:\/\/birilloangel.hu\/birilloangel\/wp-content\/uploads\/2022\/10\/Szakmai-Program.pdf\" target=\"_blank\" rel=\"noreferrer noopener\">Szakmai Program<\/a><a href=\"https:\/\/birilloangel.hu\/birilloangel\/wp-content\/uploads\/2022\/10\/Szakmai-Program.pdf\" class=\"wp-block-file__button wp-element-button\" download aria-describedby=\"wp-block-file--media-74024c5b-5445-4cca-bffe-d0b60f3a13e6\">Let\u00f6lt\u00e9s<\/a><\/div>\n<\/div>\n<\/div><\/div>\n\n\n\n<div class=\"wp-block-file\"><a id=\"wp-block-file--media-84f5d2c7-750b-4db0-a035-07127e1d78db\" href=\"https:\/\/birilloangel.hu\/birilloangel\/wp-content\/uploads\/2022\/10\/BirilloAngel-A\u0301SZF.pdf\" target=\"_blank\" rel=\"noreferrer noopener\">BirilloAngel A\u0301SZF<\/a><a href=\"https:\/\/birilloangel.hu\/birilloangel\/wp-content\/uploads\/2022\/10\/BirilloAngel-A\u0301SZF.pdf\" class=\"wp-block-file__button wp-element-button\" download aria-describedby=\"wp-block-file--media-84f5d2c7-750b-4db0-a035-07127e1d78db\">Let\u00f6lt\u00e9s<\/a><\/div>\n\n\n\n<div class=\"wp-block-file\"><a id=\"wp-block-file--media-b6c5de1b-07f4-4c1c-b303-a9f43d27ec5d\" href=\"https:\/\/birilloangel.hu\/birilloangel\/wp-content\/uploads\/2022\/10\/Birillo-Zoo-Kft-BirilloAngel-adatve\u0301delmi-e\u0301s-adatkezele\u0301si-szaba\u0301lyzat-GDPR.pdf\" target=\"_blank\" rel=\"noreferrer noopener\">Birillo Zoo Kft &#8211; BirilloAngel adatve\u0301delmi e\u0301s adatkezele\u0301si szaba\u0301lyzat GDPR<\/a><a href=\"https:\/\/birilloangel.hu\/birilloangel\/wp-content\/uploads\/2022\/10\/Birillo-Zoo-Kft-BirilloAngel-adatve\u0301delmi-e\u0301s-adatkezele\u0301si-szaba\u0301lyzat-GDPR.pdf\" class=\"wp-block-file__button wp-element-button\" download aria-describedby=\"wp-block-file--media-b6c5de1b-07f4-4c1c-b303-a9f43d27ec5d\">Let\u00f6lt\u00e9s<\/a><\/div>\n","protected":false},"excerpt":{"rendered":"","protected":false},"author":1,"featured_media":0,"parent":0,"menu_order":0,"comment_status":"closed","ping_status":"closed","template":"","meta":{"_themeisle_gutenberg_block_has_review":false,"footnotes":""},"class_list":["post-184","page","type-page","status-publish","hentry"],"yoast_head":"<!-- This site is optimized with the Yoast SEO plugin v26.6 - https:\/\/yoast.com\/wordpress\/plugins\/seo\/ -->\n<title>Dokumentumok - BirilloAngel<\/title>\n<meta name=\"description\" content=\"Dokumentumok, melyek tartalmazz\u00e1k az \u00e1ltal\u00e1nos szerz\u0151d\u00e9si felt\u00e9teleket adatv\u00e9delmi szab\u00e1lyzatot \u00e9s szakmai rpogramot.\" \/>\n<meta name=\"robots\" content=\"index, follow, max-snippet:-1, max-image-preview:large, max-video-preview:-1\" \/>\n<link rel=\"canonical\" href=\"https:\/\/birilloangel.hu\/birilloangel\/?page_id=184\" \/>\n<meta property=\"og:locale\" content=\"hu_HU\" \/>\n<meta property=\"og:type\" content=\"article\" \/>\n<meta property=\"og:title\" content=\"Dokumentumok - BirilloAngel\" \/>\n<meta property=\"og:description\" content=\"Dokumentumok, melyek tartalmazz\u00e1k az \u00e1ltal\u00e1nos szerz\u0151d\u00e9si felt\u00e9teleket adatv\u00e9delmi szab\u00e1lyzatot \u00e9s szakmai rpogramot.\" \/>\n<meta property=\"og:url\" content=\"https:\/\/birilloangel.hu\/birilloangel\/?page_id=184\" \/>\n<meta property=\"og:site_name\" content=\"BirilloAngel\" \/>\n<meta property=\"article:modified_time\" content=\"2025-04-09T17:56:15+00:00\" \/>\n<meta name=\"twitter:card\" content=\"summary_large_image\" \/>\n<meta name=\"twitter:label1\" content=\"Becs\u00fclt olvas\u00e1si id\u0151\" \/>\n\t<meta name=\"twitter:data1\" content=\"1 perc\" \/>\n<script type=\"application\/ld+json\" class=\"yoast-schema-graph\">{\"@context\":\"https:\/\/schema.org\",\"@graph\":[{\"@type\":\"WebPage\",\"@id\":\"https:\/\/birilloangel.hu\/birilloangel\/?page_id=184\",\"url\":\"https:\/\/birilloangel.hu\/birilloangel\/?page_id=184\",\"name\":\"Dokumentumok - BirilloAngel\",\"isPartOf\":{\"@id\":\"https:\/\/birilloangel.hu\/birilloangel\/#website\"},\"datePublished\":\"2022-10-19T20:39:08+00:00\",\"dateModified\":\"2025-04-09T17:56:15+00:00\",\"description\":\"Dokumentumok, melyek tartalmazz\u00e1k az \u00e1ltal\u00e1nos szerz\u0151d\u00e9si felt\u00e9teleket adatv\u00e9delmi szab\u00e1lyzatot \u00e9s szakmai rpogramot.\",\"breadcrumb\":{\"@id\":\"https:\/\/birilloangel.hu\/birilloangel\/?page_id=184#breadcrumb\"},\"inLanguage\":\"hu\",\"potentialAction\":[{\"@type\":\"ReadAction\",\"target\":[\"https:\/\/birilloangel.hu\/birilloangel\/?page_id=184\"]}]},{\"@type\":\"BreadcrumbList\",\"@id\":\"https:\/\/birilloangel.hu\/birilloangel\/?page_id=184#breadcrumb\",\"itemListElement\":[{\"@type\":\"ListItem\",\"position\":1,\"name\":\"Kezd\u0151lap\",\"item\":\"https:\/\/birilloangel.hu\/birilloangel\/\"},{\"@type\":\"ListItem\",\"position\":2,\"name\":\"Dokumentumok\"}]},{\"@type\":\"WebSite\",\"@id\":\"https:\/\/birilloangel.hu\/birilloangel\/#website\",\"url\":\"https:\/\/birilloangel.hu\/birilloangel\/\",\"name\":\"BirilloAngel\",\"description\":\"otthoni szak\u00e1pol\u00e1s \u2013 betegell\u00e1t\u00e1s szolg\u00e1ltat\u00e1s\",\"publisher\":{\"@id\":\"https:\/\/birilloangel.hu\/birilloangel\/#organization\"},\"potentialAction\":[{\"@type\":\"SearchAction\",\"target\":{\"@type\":\"EntryPoint\",\"urlTemplate\":\"https:\/\/birilloangel.hu\/birilloangel\/?s={search_term_string}\"},\"query-input\":{\"@type\":\"PropertyValueSpecification\",\"valueRequired\":true,\"valueName\":\"search_term_string\"}}],\"inLanguage\":\"hu\"},{\"@type\":\"Organization\",\"@id\":\"https:\/\/birilloangel.hu\/birilloangel\/#organization\",\"name\":\"BirilloAngel\",\"url\":\"https:\/\/birilloangel.hu\/birilloangel\/\",\"logo\":{\"@type\":\"ImageObject\",\"inLanguage\":\"hu\",\"@id\":\"https:\/\/birilloangel.hu\/birilloangel\/#\/schema\/logo\/image\/\",\"url\":\"https:\/\/birilloangel.hu\/birilloangel\/wp-content\/uploads\/2022\/11\/cropped-BA_logo4website.jpg\",\"contentUrl\":\"https:\/\/birilloangel.hu\/birilloangel\/wp-content\/uploads\/2022\/11\/cropped-BA_logo4website.jpg\",\"width\":200,\"height\":200,\"caption\":\"BirilloAngel\"},\"image\":{\"@id\":\"https:\/\/birilloangel.hu\/birilloangel\/#\/schema\/logo\/image\/\"}}]}<\/script>\n<!-- \/ Yoast SEO plugin. -->","yoast_head_json":{"title":"Dokumentumok - BirilloAngel","description":"Dokumentumok, melyek tartalmazz\u00e1k az \u00e1ltal\u00e1nos szerz\u0151d\u00e9si felt\u00e9teleket adatv\u00e9delmi szab\u00e1lyzatot \u00e9s szakmai rpogramot.","robots":{"index":"index","follow":"follow","max-snippet":"max-snippet:-1","max-image-preview":"max-image-preview:large","max-video-preview":"max-video-preview:-1"},"canonical":"https:\/\/birilloangel.hu\/birilloangel\/?page_id=184","og_locale":"hu_HU","og_type":"article","og_title":"Dokumentumok - BirilloAngel","og_description":"Dokumentumok, melyek tartalmazz\u00e1k az \u00e1ltal\u00e1nos szerz\u0151d\u00e9si felt\u00e9teleket adatv\u00e9delmi szab\u00e1lyzatot \u00e9s szakmai rpogramot.","og_url":"https:\/\/birilloangel.hu\/birilloangel\/?page_id=184","og_site_name":"BirilloAngel","article_modified_time":"2025-04-09T17:56:15+00:00","twitter_card":"summary_large_image","twitter_misc":{"Becs\u00fclt olvas\u00e1si id\u0151":"1 perc"},"schema":{"@context":"https:\/\/schema.org","@graph":[{"@type":"WebPage","@id":"https:\/\/birilloangel.hu\/birilloangel\/?page_id=184","url":"https:\/\/birilloangel.hu\/birilloangel\/?page_id=184","name":"Dokumentumok - BirilloAngel","isPartOf":{"@id":"https:\/\/birilloangel.hu\/birilloangel\/#website"},"datePublished":"2022-10-19T20:39:08+00:00","dateModified":"2025-04-09T17:56:15+00:00","description":"Dokumentumok, melyek tartalmazz\u00e1k az \u00e1ltal\u00e1nos szerz\u0151d\u00e9si felt\u00e9teleket adatv\u00e9delmi szab\u00e1lyzatot \u00e9s szakmai rpogramot.","breadcrumb":{"@id":"https:\/\/birilloangel.hu\/birilloangel\/?page_id=184#breadcrumb"},"inLanguage":"hu","potentialAction":[{"@type":"ReadAction","target":["https:\/\/birilloangel.hu\/birilloangel\/?page_id=184"]}]},{"@type":"BreadcrumbList","@id":"https:\/\/birilloangel.hu\/birilloangel\/?page_id=184#breadcrumb","itemListElement":[{"@type":"ListItem","position":1,"name":"Kezd\u0151lap","item":"https:\/\/birilloangel.hu\/birilloangel\/"},{"@type":"ListItem","position":2,"name":"Dokumentumok"}]},{"@type":"WebSite","@id":"https:\/\/birilloangel.hu\/birilloangel\/#website","url":"https:\/\/birilloangel.hu\/birilloangel\/","name":"BirilloAngel","description":"otthoni szak\u00e1pol\u00e1s \u2013 betegell\u00e1t\u00e1s szolg\u00e1ltat\u00e1s","publisher":{"@id":"https:\/\/birilloangel.hu\/birilloangel\/#organization"},"potentialAction":[{"@type":"SearchAction","target":{"@type":"EntryPoint","urlTemplate":"https:\/\/birilloangel.hu\/birilloangel\/?s={search_term_string}"},"query-input":{"@type":"PropertyValueSpecification","valueRequired":true,"valueName":"search_term_string"}}],"inLanguage":"hu"},{"@type":"Organization","@id":"https:\/\/birilloangel.hu\/birilloangel\/#organization","name":"BirilloAngel","url":"https:\/\/birilloangel.hu\/birilloangel\/","logo":{"@type":"ImageObject","inLanguage":"hu","@id":"https:\/\/birilloangel.hu\/birilloangel\/#\/schema\/logo\/image\/","url":"https:\/\/birilloangel.hu\/birilloangel\/wp-content\/uploads\/2022\/11\/cropped-BA_logo4website.jpg","contentUrl":"https:\/\/birilloangel.hu\/birilloangel\/wp-content\/uploads\/2022\/11\/cropped-BA_logo4website.jpg","width":200,"height":200,"caption":"BirilloAngel"},"image":{"@id":"https:\/\/birilloangel.hu\/birilloangel\/#\/schema\/logo\/image\/"}}]}},"_links":{"self":[{"href":"https:\/\/birilloangel.hu\/birilloangel\/index.php?rest_route=\/wp\/v2\/pages\/184","targetHints":{"allow":["GET"]}}],"collection":[{"href":"https:\/\/birilloangel.hu\/birilloangel\/index.php?rest_route=\/wp\/v2\/pages"}],"about":[{"href":"https:\/\/birilloangel.hu\/birilloangel\/index.php?rest_route=\/wp\/v2\/types\/page"}],"author":[{"embeddable":true,"href":"https:\/\/birilloangel.hu\/birilloangel\/index.php?rest_route=\/wp\/v2\/users\/1"}],"replies":[{"embeddable":true,"href":"https:\/\/birilloangel.hu\/birilloangel\/index.php?rest_route=%2Fwp%2Fv2%2Fcomments&post=184"}],"version-history":[{"count":8,"href":"https:\/\/birilloangel.hu\/birilloangel\/index.php?rest_route=\/wp\/v2\/pages\/184\/revisions"}],"predecessor-version":[{"id":444,"href":"https:\/\/birilloangel.hu\/birilloangel\/index.php?rest_route=\/wp\/v2\/pages\/184\/revisions\/444"}],"wp:attachment":[{"href":"https:\/\/birilloangel.hu\/birilloangel\/index.php?rest_route=%2Fwp%2Fv2%2Fmedia&parent=184"}],"curies":[{"name":"wp","href":"https:\/\/api.w.org\/{rel}","templated":true}]}}